{"id":5415,"date":"2022-01-26T19:52:18","date_gmt":"2022-01-26T19:52:18","guid":{"rendered":"https:\/\/hunterindustrialfan.eu\/hunter-industrial-hvac-solutions\/"},"modified":"2022-02-01T22:58:14","modified_gmt":"2022-02-01T22:58:14","slug":"przemyslowe-rozwiazania-hvac-firmy-hunter","status":"publish","type":"page","link":"https:\/\/hunterindustrialfan.eu\/pl\/przemyslowe-rozwiazania-hvac-firmy-hunter\/","title":{"rendered":"Przemys\u0142owe rozwi\u0105zania HVAC firmy Hunter"},"content":{"rendered":"<p><div class=\"fusion-fullwidth fullwidth-box fusion-builder-row-1 fusion-flex-container nonhundred-percent-fullwidth non-hundred-percent-height-scrolling\" style=\"background-color: rgba(255,255,255,0);background-position: center center;background-repeat: no-repeat;border-width: 0px 0px 0px 0px;border-color:#eae9e9;border-style:solid;\" ><div class=\"fusion-builder-row fusion-row fusion-flex-align-items-flex-start\" style=\"max-width:1216.8px;margin-left: calc(-4% \/ 2 );margin-right: calc(-4% \/ 2 );\"><div class=\"fusion-layout-column fusion_builder_column fusion-builder-column-0 fusion_builder_column_1_1 1_1 fusion-flex-column\"><div class=\"fusion-column-wrapper fusion-flex-justify-content-flex-start fusion-content-layout-column\" style=\"background-position:left top;background-repeat:no-repeat;-webkit-background-size:cover;-moz-background-size:cover;-o-background-size:cover;background-size:cover;padding: 0px 0px 0px 0px;\"><div class=\"fusion-blog-shortcode fusion-blog-shortcode-1 fusion-blog-archive fusion-blog-layout-medium fusion-blog-infinite\"><div class=\"fusion-posts-container fusion-posts-container-infinite fusion-no-meta-info fusion-blog-rollover\" data-pages=\"1\"><article id=\"blog-1-post-5406\" class=\"fusion-post-medium post-5406 post type-post status-publish format-standard has-post-thumbnail hentry category-industrial-pl\">\n\t<style type=\"text\/css\">\n\t\t\n\t\t\n\t\t\n\t\t\n\t\t\t<\/style>\n\n\n\t\t\t<div class=\"fusion-flexslider flexslider fusion-flexslider-loading fusion-post-slideshow\" style=\"\">\n\t\t<ul class=\"slides\">\n\t\t\t\n\t\t\t\t\t\t\t\t\t\t\t\t\t\t<li>\n\n<div  class=\"fusion-image-wrapper fusion-image-size-fixed\" aria-haspopup=\"true\">\n\t\n\t\n\t\n\t\t\n\t\t\t\t\t<img width=\"320\" height=\"202\" src=\"https:\/\/hunterindustrialfan.eu\/wp-content\/uploads\/2021\/03\/destratification-320x202.png\" class=\"attachment-blog-medium size-blog-medium wp-post-image\" alt=\"Destratification image\" \/>\n\t\n\n\t\t<div class=\"fusion-rollover\">\n\t<div class=\"fusion-rollover-content\">\n\n\t\t\t\t\t\t\t\t\t\t\t\t\t\t<a class=\"fusion-rollover-link\" href=\"https:\/\/hunterindustrialfan.eu\/pl\/destratyfikacja\/\">Destratyfikacja<\/a>\n\t\t\t\n\t\t\t\t\t\t\t\t\t\t\t\t\t\t\n\t\t\t\t\t\t\t\t\n\t\t\t\t\t\t\t\t\t\t\t\t\t<div class=\"fusion-rollover-sep\"><\/div>\n\t\t\t\t\n\t\t\t\t\t\t\t\t\t\t\t\t\t\t\t\t\t\t<a class=\"fusion-rollover-gallery\" href=\"https:\/\/hunterindustrialfan.eu\/wp-content\/uploads\/2021\/03\/destratification.png\" data-id=\"5406\" data-rel=\"iLightbox[gallery]\" data-title=\"destratification\" data-caption=\"\">\n\t\t\t\t\t\tGallery\t\t\t\t\t<\/a>\n\t\t\t\t\t\t\t\t\t\t\t\t\t\t\n\t\t\t\t\n\t\t\t\t\t\t\t\t\t\t\t\t<h4 class=\"fusion-rollover-title\">\n\t\t\t\t\t<a class=\"fusion-rollover-title-link\" href=\"https:\/\/hunterindustrialfan.eu\/pl\/destratyfikacja\/\">\n\t\t\t\t\t\tDestratyfikacja\t\t\t\t\t<\/a>\n\t\t\t\t<\/h4>\n\t\t\t\n\t\t\t\t\t\t\t\t\t\t\t\t\t\t<div class=\"fusion-rollover-categories\"><a href=\"https:\/\/hunterindustrialfan.eu\/pl\/category\/industrial-pl\/\" rel=\"tag\">Industrial<\/a><\/div>\t\t\t\t\t\n\t\t\n\t\t\t\t<a class=\"fusion-link-wrapper\" href=\"https:\/\/hunterindustrialfan.eu\/pl\/destratyfikacja\/\" aria-label=\"Destratyfikacja\"><\/a>\n\t<\/div>\n<\/div>\n\n\t\n<\/div>\n<\/li>\n\t\t\t\n\t\t\t\n\t\t\t\t\t\t\t\t\t\t\t\t\t\t\t\t\t\t\t\t\t\t\t\t\t\t\t\t\t\t\t\t\t\t\t\t\t\t\t\t\t\t\t\t\t\t\t\t\t\t\t\t\t\t\t\t\t\t\t\t\t\t\t\t\t\t\t\t<\/ul>\n\t<\/div>\n\t<div class=\"fusion-post-content post-content\"><h2 class=\"blog-shortcode-post-title entry-title\"><a href=\"https:\/\/hunterindustrialfan.eu\/pl\/destratyfikacja\/\">Destratyfikacja<\/a><\/h2><div class=\"fusion-post-content-container\"><p>Wi\u0119kszo\u015b\u0107 ludzi jest \u015bwiadoma, \u017ce wentylator HVLS zapewnia komfort ch\u0142odzenia i oszcz\u0119dno\u015b\u0107 koszt\u00f3w w upalne lato. Jednak...<\/p><\/div><\/div><div class=\"fusion-clearfix\"><\/div><\/article>\n<article id=\"blog-1-post-5409\" class=\"fusion-post-medium post-5409 post type-post status-publish format-standard has-post-thumbnail hentry category-industrial-pl tag-app-pl tag-camera-pl\">\n\t<style type=\"text\/css\">\n\t\t\n\t\t\n\t\t\n\t\t\n\t\t\t<\/style>\n\n\n\t\t\t<div class=\"fusion-flexslider flexslider fusion-flexslider-loading fusion-post-slideshow\" style=\"\">\n\t\t<ul class=\"slides\">\n\t\t\t\n\t\t\t\t\t\t\t\t\t\t\t\t\t\t<li>\n\n<div  class=\"fusion-image-wrapper fusion-image-size-fixed\" aria-haspopup=\"true\">\n\t\n\t\n\t\n\t\t\n\t\t\t\t\t<img width=\"320\" height=\"202\" src=\"https:\/\/hunterindustrialfan.eu\/wp-content\/uploads\/2021\/03\/product_and_equipment-320x202.png\" class=\"attachment-blog-medium size-blog-medium wp-post-image\" alt=\"Product and equipment image\" srcset=\"https:\/\/hunterindustrialfan.eu\/wp-content\/uploads\/2021\/03\/product_and_equipment-320x202.png 320w, https:\/\/hunterindustrialfan.eu\/wp-content\/uploads\/2021\/03\/product_and_equipment-700x441.png 700w\" sizes=\"(max-width: 320px) 100vw, 320px\" \/>\n\t\n\n\t\t<div class=\"fusion-rollover\">\n\t<div class=\"fusion-rollover-content\">\n\n\t\t\t\t\t\t\t\t\t\t\t\t\t\t<a class=\"fusion-rollover-link\" href=\"https:\/\/hunterindustrialfan.eu\/pl\/destratyfikacja-hvls\/\">Destratyfikacja HVLS<\/a>\n\t\t\t\n\t\t\t\t\t\t\t\t\t\t\t\t\t\t\n\t\t\t\t\t\t\t\t\n\t\t\t\t\t\t\t\t\t\t\t\t\t<div class=\"fusion-rollover-sep\"><\/div>\n\t\t\t\t\n\t\t\t\t\t\t\t\t\t\t\t\t\t\t\t\t\t\t<a class=\"fusion-rollover-gallery\" href=\"https:\/\/hunterindustrialfan.eu\/wp-content\/uploads\/2021\/03\/product_and_equipment.png\" data-id=\"5409\" data-rel=\"iLightbox[gallery]\" data-title=\"product_and_equipment\" data-caption=\"\">\n\t\t\t\t\t\tGallery\t\t\t\t\t<\/a>\n\t\t\t\t\t\t\t\t\t\t\t\t\t\t\n\t\t\t\t\n\t\t\t\t\t\t\t\t\t\t\t\t<h4 class=\"fusion-rollover-title\">\n\t\t\t\t\t<a class=\"fusion-rollover-title-link\" href=\"https:\/\/hunterindustrialfan.eu\/pl\/destratyfikacja-hvls\/\">\n\t\t\t\t\t\tDestratyfikacja HVLS\t\t\t\t\t<\/a>\n\t\t\t\t<\/h4>\n\t\t\t\n\t\t\t\t\t\t\t\t\t\t\t\t\t\t<div class=\"fusion-rollover-categories\"><a href=\"https:\/\/hunterindustrialfan.eu\/pl\/category\/industrial-pl\/\" rel=\"tag\">Industrial<\/a><\/div>\t\t\t\t\t\n\t\t\n\t\t\t\t<a class=\"fusion-link-wrapper\" href=\"https:\/\/hunterindustrialfan.eu\/pl\/destratyfikacja-hvls\/\" aria-label=\"Destratyfikacja HVLS\"><\/a>\n\t<\/div>\n<\/div>\n\n\t\n<\/div>\n<\/li>\n\t\t\t\n\t\t\t\n\t\t\t\t\t\t\t\t\t\t\t\t\t\t\t\t\t\t\t\t\t\t\t\t\t\t\t\t\t\t\t\t\t\t\t\t\t\t\t\t\t\t\t\t\t\t\t\t\t\t\t\t\t\t\t\t\t\t\t\t\t\t\t\t\t\t\t\t<\/ul>\n\t<\/div>\n\t<div class=\"fusion-post-content post-content\"><h2 class=\"blog-shortcode-post-title entry-title\"><a href=\"https:\/\/hunterindustrialfan.eu\/pl\/destratyfikacja-hvls\/\">Destratyfikacja HVLS<\/a><\/h2><div class=\"fusion-post-content-container\"><p>Powszechnie wiadomo, \u017ce wykorzystanie nauki stoj\u0105cej za destratyfikacj\u0105 za pomoc\u0105 wentylatora HVLS mo\u017ce pom\u00f3c w utrzymaniu umiarkowanej temperatury w miejscu pracy.<\/p><\/div><\/div><div class=\"fusion-clearfix\"><\/div><\/article>\n<article id=\"blog-1-post-5403\" class=\"fusion-post-medium post-5403 post type-post status-publish format-standard has-post-thumbnail hentry category-industrial-pl\">\n\t<style type=\"text\/css\">\n\t\t\n\t\t\n\t\t\n\t\t\n\t\t\t<\/style>\n\n\n\t\t\t<div class=\"fusion-flexslider flexslider fusion-flexslider-loading fusion-post-slideshow\" style=\"\">\n\t\t<ul class=\"slides\">\n\t\t\t\n\t\t\t\t\t\t\t\t\t\t\t\t\t\t<li>\n\n<div  class=\"fusion-image-wrapper fusion-image-size-fixed\" aria-haspopup=\"true\">\n\t\n\t\n\t\n\t\t\n\t\t\t\t\t<img width=\"320\" height=\"202\" src=\"https:\/\/hunterindustrialfan.eu\/wp-content\/uploads\/2021\/03\/4_reasons-320x202.png\" class=\"attachment-blog-medium size-blog-medium wp-post-image\" alt=\"4 reasons for HVLS in 2021\" \/>\n\t\n\n\t\t<div class=\"fusion-rollover\">\n\t<div class=\"fusion-rollover-content\">\n\n\t\t\t\t\t\t\t\t\t\t\t\t\t\t<a class=\"fusion-rollover-link\" href=\"https:\/\/hunterindustrialfan.eu\/pl\/korzysci-z-hvls\/\">Korzy\u015bci z HVLS<\/a>\n\t\t\t\n\t\t\t\t\t\t\t\t\t\t\t\t\t\t\n\t\t\t\t\t\t\t\t\n\t\t\t\t\t\t\t\t\t\t\t\t\t<div class=\"fusion-rollover-sep\"><\/div>\n\t\t\t\t\n\t\t\t\t\t\t\t\t\t\t\t\t\t\t\t\t\t\t<a class=\"fusion-rollover-gallery\" href=\"https:\/\/hunterindustrialfan.eu\/wp-content\/uploads\/2021\/03\/4_reasons.png\" data-id=\"5403\" data-rel=\"iLightbox[gallery]\" data-title=\"4_reasons\" data-caption=\"\">\n\t\t\t\t\t\tGallery\t\t\t\t\t<\/a>\n\t\t\t\t\t\t\t\t\t\t\t\t\t\t\n\t\t\t\t\n\t\t\t\t\t\t\t\t\t\t\t\t<h4 class=\"fusion-rollover-title\">\n\t\t\t\t\t<a class=\"fusion-rollover-title-link\" href=\"https:\/\/hunterindustrialfan.eu\/pl\/korzysci-z-hvls\/\">\n\t\t\t\t\t\tKorzy\u015bci z HVLS\t\t\t\t\t<\/a>\n\t\t\t\t<\/h4>\n\t\t\t\n\t\t\t\t\t\t\t\t\t\t\t\t\t\t<div class=\"fusion-rollover-categories\"><a href=\"https:\/\/hunterindustrialfan.eu\/pl\/category\/industrial-pl\/\" rel=\"tag\">Industrial<\/a><\/div>\t\t\t\t\t\n\t\t\n\t\t\t\t<a class=\"fusion-link-wrapper\" href=\"https:\/\/hunterindustrialfan.eu\/pl\/korzysci-z-hvls\/\" aria-label=\"Korzy\u015bci z HVLS\"><\/a>\n\t<\/div>\n<\/div>\n\n\t\n<\/div>\n<\/li>\n\t\t\t\n\t\t\t\n\t\t\t\t\t\t\t\t\t\t\t\t\t\t\t\t\t\t\t\t\t\t\t\t\t\t\t\t\t\t\t\t\t\t\t\t\t\t\t\t\t\t\t\t\t\t\t\t\t\t\t\t\t\t\t\t\t\t\t\t\t\t\t\t\t\t\t\t<\/ul>\n\t<\/div>\n\t<div class=\"fusion-post-content post-content\"><h2 class=\"blog-shortcode-post-title entry-title\"><a href=\"https:\/\/hunterindustrialfan.eu\/pl\/korzysci-z-hvls\/\">Korzy\u015bci z HVLS<\/a><\/h2><div class=\"fusion-post-content-container\"><p>M\u0105dre planowanie obejmuje inwestycje, kt\u00f3re, jak udowodniono, maj\u0105 pozytywny wp\u0142yw na dzia\u0142alno\u015b\u0107 i poprawiaj\u0105 wyniki finansowe. Jednym z takich element\u00f3w inwestycji jest wentylator HVLS.<\/p><\/div><\/div><div class=\"fusion-clearfix\"><\/div><\/article>\n<\/div><\/div><\/div><\/div><style type=\"text\/css\">.fusion-body .fusion-builder-column-0{width:100% !important;margin-top : 0px;margin-bottom : 20px;}.fusion-builder-column-0 > .fusion-column-wrapper {padding-top : 0px !important;padding-right : 0px !important;margin-right : 1.92%;padding-bottom : 0px !important;padding-left : 0px !important;margin-left : 1.92%;}@media only screen and (max-width:1024px) {.fusion-body .fusion-builder-column-0{width:100% !important;order : 0;}.fusion-builder-column-0 > .fusion-column-wrapper {margin-right : 1.92%;margin-left : 1.92%;}}@media only screen and (max-width:640px) {.fusion-body .fusion-builder-column-0{width:100% !important;order : 0;}.fusion-builder-column-0 > .fusion-column-wrapper {margin-right : 1.92%;margin-left : 1.92%;}}<\/style><\/div><style type=\"text\/css\">.fusion-body .fusion-flex-container.fusion-builder-row-1{ padding-top : 68px;margin-top : 0px;padding-right : 0px;padding-bottom : 0px;margin-bottom : 0px;padding-left : 0px;}<\/style><\/div><div class=\"fusion-fullwidth fullwidth-box fusion-builder-row-2 fusion-flex-container nonhundred-percent-fullwidth non-hundred-percent-height-scrolling\" style=\"background-color: rgba(255,255,255,0);background-position: center center;background-repeat: no-repeat;border-width: 0px 0px 0px 0px;border-color:#eae9e9;border-style:solid;\" ><div class=\"fusion-builder-row fusion-row fusion-flex-align-items-flex-start\" style=\"max-width:1216.8px;margin-left: calc(-4% \/ 2 );margin-right: calc(-4% \/ 2 );\"><\/div><style type=\"text\/css\">.fusion-body .fusion-flex-container.fusion-builder-row-2{ padding-top : 0px;margin-top : 0px;padding-right : 0px;padding-bottom : 0px;margin-bottom : 0px;padding-left : 0px;}<\/style><\/div><\/p>\n","protected":false},"excerpt":{"rendered":"","protected":false},"author":1,"featured_media":0,"parent":0,"menu_order":0,"comment_status":"closed","ping_status":"closed","template":"100-width.php","meta":[],"yoast_head":"<!-- This site is optimized with the Yoast SEO plugin v16.0.2 - https:\/\/yoast.com\/wordpress\/plugins\/seo\/ -->\n<title>Przemys\u0142owe rozwi\u0105zania HVAC firmy Hunter | Hunter Fan<\/title>\n<meta name=\"description\" content=\"Przemys\u0142owe rozwi\u0105zania HVAC firmy Hunter\" \/>\n<link rel=\"canonical\" href=\"https:\/\/hunterindustrialfan.eu\/pl\/przemyslowe-rozwiazania-hvac-firmy-hunter\/\" \/>\n<meta property=\"og:locale\" content=\"pl_PL\" \/>\n<meta property=\"og:type\" content=\"article\" \/>\n<meta property=\"og:title\" content=\"Przemys\u0142owe rozwi\u0105zania HVAC firmy Hunter | Hunter Fan\" \/>\n<meta property=\"og:description\" content=\"Przemys\u0142owe rozwi\u0105zania HVAC firmy Hunter\" \/>\n<meta property=\"og:url\" content=\"https:\/\/hunterindustrialfan.eu\/pl\/przemyslowe-rozwiazania-hvac-firmy-hunter\/\" \/>\n<meta property=\"og:site_name\" content=\"Hunter Fan\" \/>\n<meta property=\"article:modified_time\" content=\"2022-02-01T22:58:14+00:00\" \/>\n<meta name=\"twitter:card\" content=\"summary_large_image\" \/>\n<meta name=\"twitter:label1\" content=\"Szacowany czas czytania\">\n\t<meta name=\"twitter:data1\" content=\"5 minut\">\n<script type=\"application\/ld+json\" class=\"yoast-schema-graph\">{\"@context\":\"https:\/\/schema.org\",\"@graph\":[{\"@type\":\"WebSite\",\"@id\":\"https:\/\/hunterindustrialfan.eu\/#website\",\"url\":\"https:\/\/hunterindustrialfan.eu\/\",\"name\":\"Hunter Fan\",\"description\":\"HVLS Industrial Ceiling Fans\",\"potentialAction\":[{\"@type\":\"SearchAction\",\"target\":\"https:\/\/hunterindustrialfan.eu\/?s={search_term_string}\",\"query-input\":\"required name=search_term_string\"}],\"inLanguage\":\"pl-PL\"},{\"@type\":\"WebPage\",\"@id\":\"https:\/\/hunterindustrialfan.eu\/pl\/przemyslowe-rozwiazania-hvac-firmy-hunter\/#webpage\",\"url\":\"https:\/\/hunterindustrialfan.eu\/pl\/przemyslowe-rozwiazania-hvac-firmy-hunter\/\",\"name\":\"Przemys\\u0142owe rozwi\\u0105zania HVAC firmy Hunter | Hunter Fan\",\"isPartOf\":{\"@id\":\"https:\/\/hunterindustrialfan.eu\/#website\"},\"datePublished\":\"2022-01-26T19:52:18+00:00\",\"dateModified\":\"2022-02-01T22:58:14+00:00\",\"description\":\"Przemys\\u0142owe rozwi\\u0105zania HVAC firmy Hunter\",\"breadcrumb\":{\"@id\":\"https:\/\/hunterindustrialfan.eu\/pl\/przemyslowe-rozwiazania-hvac-firmy-hunter\/#breadcrumb\"},\"inLanguage\":\"pl-PL\",\"potentialAction\":[{\"@type\":\"ReadAction\",\"target\":[\"https:\/\/hunterindustrialfan.eu\/pl\/przemyslowe-rozwiazania-hvac-firmy-hunter\/\"]}]},{\"@type\":\"BreadcrumbList\",\"@id\":\"https:\/\/hunterindustrialfan.eu\/pl\/przemyslowe-rozwiazania-hvac-firmy-hunter\/#breadcrumb\",\"itemListElement\":[{\"@type\":\"ListItem\",\"position\":1,\"item\":{\"@type\":\"WebPage\",\"@id\":\"https:\/\/hunterindustrialfan.eu\/pl\/\",\"url\":\"https:\/\/hunterindustrialfan.eu\/pl\/\",\"name\":\"Home\"}},{\"@type\":\"ListItem\",\"position\":2,\"item\":{\"@type\":\"WebPage\",\"@id\":\"https:\/\/hunterindustrialfan.eu\/pl\/przemyslowe-rozwiazania-hvac-firmy-hunter\/\",\"url\":\"https:\/\/hunterindustrialfan.eu\/pl\/przemyslowe-rozwiazania-hvac-firmy-hunter\/\",\"name\":\"Przemys\\u0142owe rozwi\\u0105zania HVAC firmy Hunter\"}}]}]}<\/script>\n<!-- \/ Yoast SEO plugin. -->","_links":{"self":[{"href":"https:\/\/hunterindustrialfan.eu\/pl\/wp-json\/wp\/v2\/pages\/5415"}],"collection":[{"href":"https:\/\/hunterindustrialfan.eu\/pl\/wp-json\/wp\/v2\/pages"}],"about":[{"href":"https:\/\/hunterindustrialfan.eu\/pl\/wp-json\/wp\/v2\/types\/page"}],"author":[{"embeddable":true,"href":"https:\/\/hunterindustrialfan.eu\/pl\/wp-json\/wp\/v2\/users\/1"}],"replies":[{"embeddable":true,"href":"https:\/\/hunterindustrialfan.eu\/pl\/wp-json\/wp\/v2\/comments?post=5415"}],"version-history":[{"count":6,"href":"https:\/\/hunterindustrialfan.eu\/pl\/wp-json\/wp\/v2\/pages\/5415\/revisions"}],"predecessor-version":[{"id":5464,"href":"https:\/\/hunterindustrialfan.eu\/pl\/wp-json\/wp\/v2\/pages\/5415\/revisions\/5464"}],"wp:attachment":[{"href":"https:\/\/hunterindustrialfan.eu\/pl\/wp-json\/wp\/v2\/media?parent=5415"}],"curies":[{"name":"wp","href":"https:\/\/api.w.org\/{rel}","templated":true}]}}