{"id":5068,"date":"2022-01-18T23:27:21","date_gmt":"2022-01-18T23:27:21","guid":{"rendered":"https:\/\/hunterindustrialfan.eu\/hvls-fan-controls\/"},"modified":"2022-02-01T22:51:35","modified_gmt":"2022-02-01T22:51:35","slug":"sterowniki-wentylatorow-hvls","status":"publish","type":"page","link":"https:\/\/hunterindustrialfan.eu\/pl\/sterowniki-wentylatorow-hvls\/","title":{"rendered":"Sterowniki wentylator\u00f3w HVLS"},"content":{"rendered":"<p><div class=\"fusion-fullwidth fullwidth-box fusion-builder-row-1 nonhundred-percent-fullwidth non-hundred-percent-height-scrolling\" style=\"background-color: rgba(0,0,0,0.54);background-position: center top;background-repeat: no-repeat;background-blend-mode: overlay;padding-top:50px;padding-right:15%;padding-bottom:35px;padding-left:15%;margin-bottom: 0px;margin-top: 0px;border-width: 0px 0px 0px 0px;border-color:#eae9e9;border-style:solid;\" ><div class=\"fusion-builder-row fusion-row\"><div class=\"fusion-layout-column fusion_builder_column fusion-builder-column-0 fusion_builder_column_1_1 1_1 fusion-one-full fusion-column-first fusion-column-last fusion-column-no-min-height\" style=\"margin-top:0px;margin-bottom:0px;\"><div class=\"fusion-column-wrapper fusion-flex-column-wrapper-legacy\" style=\"background-position:left top;background-repeat:no-repeat;-webkit-background-size:cover;-moz-background-size:cover;-o-background-size:cover;background-size:cover;padding: 0px 0px 14px 0px;\"><div class=\"fusion-text fusion-text-1\" style=\"transform:translate3d(0,0,0);\"><p style=\"text-align: center;\"><span style=\"color: #ffffff;\">Nasz zesp\u00f3\u0142 Hunter Industrial chce mie\u0107 pewno\u015b\u0107, \u017ce po zainstalowaniu naszych wentylator\u00f3w b\u0119dziesz m\u00f3g\u0142 skupi\u0107 si\u0119 na innych wa\u017cnych rzeczach w swojej firmie. Nasze nowe, przystosowane do pracy w sieci sterowniki oferuj\u0105 mo\u017cliwo\u015b\u0107 planowania czasu pracy, pr\u0119dko\u015bci, a nawet kierunku pracy pojedynczego wentylatora lub ca\u0142ych stref do 30 wentylator\u00f3w. Przyjazne dla u\u017cytkownika po\u0142\u0105czenie typu &#8220;plug and play\u201e. Nowe elementy steruj\u0105ce informuj\u0105 u\u017cytkownik\u00f3w o specyficznych problemach, kt\u00f3re mog\u0105 wyst\u0105pi\u0107 i umo\u017cliwiaj\u0105 resetowanie bezpo\u015brednio ze sterownika &#8211; nie ma ju\u017c potrzeby dost\u0119pu do nap\u0119du w celu wykonania podstawowych regulacji.<br \/>\n<\/span><\/p>\n<\/div><div class=\"fusion-clearfix\"><\/div><\/div><\/div><\/div><\/div><div class=\"fusion-fullwidth fullwidth-box fusion-builder-row-2 hundred-percent-fullwidth non-hundred-percent-height-scrolling fusion-equal-height-columns\" style=\"background-color: rgba(255,255,255,0);background-position: left top;background-repeat: no-repeat;padding-top:0px;padding-right:0px;padding-bottom:0px;padding-left:0px;margin-bottom: 0px;margin-top: 0px;border-width: 0px 0px 0px 0px;border-color:#eae9e9;border-style:solid;\" ><div class=\"fusion-builder-row fusion-row\"><div class=\"fusion-layout-column fusion_builder_column fusion-builder-column-1 fusion_builder_column_1_2 1_2 fusion-one-half fusion-column-first fusion-column-inner-bg-wrapper fusion-animated\" style=\"margin-top:0px;margin-bottom:0px;\" data-animationType=\"fadeInRight\" data-animationDuration=\"0.5\" data-animationOffset=\"100%\"><div class=\"fusion-column-wrapper fusion-flex-column-wrapper-legacy\" style=\"padding: 0px 0px 0px 0px;\" data-bg-url=\"https:\/\/hunterindustrialfan.eu\/wp-content\/uploads\/2021\/05\/350-series-2-scaled-1.jpeg\"><div class=\"fusion-column-content-centered\"><div class=\"fusion-column-content\"><\/div><\/div><div class=\"fusion-clearfix\"><\/div><\/div><span class=\"fusion-column-inner-bg hover-type-zoomin\"><a class=\"fusion-column-anchor\"><span class=\"fusion-column-inner-bg-image\" style=\"background-color:#1a1a1a;background-image: url(&#039;https:\/\/hunterindustrialfan.eu\/wp-content\/uploads\/2021\/05\/350-series-2-scaled-1.jpeg&#039;);background-position:center top;background-repeat:no-repeat;-webkit-background-size:cover;-moz-background-size:cover;-o-background-size:cover;background-size:cover;\"><\/span><\/a><\/span><\/div><div class=\"fusion-layout-column fusion_builder_column fusion-builder-column-2 fusion_builder_column_1_2 1_2 fusion-one-half fusion-column-last\" style=\"margin-top:0px;margin-bottom:0px;\"><div class=\"fusion-column-wrapper fusion-flex-column-wrapper-legacy\" style=\"background-position:left top;background-repeat:no-repeat;-webkit-background-size:cover;-moz-background-size:cover;-o-background-size:cover;background-size:cover;padding: 17% 17% 17% 17%;\"><div class=\"fusion-column-content-centered\"><div class=\"fusion-column-content\"><style type=\"text\/css\"><\/style><div class=\"fusion-title title fusion-title-1 fusion-title-text fusion-title-size-two\" style=\"margin-top:0px;margin-bottom:30px;\"><h2 class=\"title-heading-left\" style=\"margin:0;\">Sterownik typu 350<\/h2><div class=\"title-sep-container\"><div class=\"title-sep sep-\" style=\"border-color:#e2e2e2;\"><\/div><\/div><\/div><div class=\"fusion-text fusion-text-2\" style=\"transform:translate3d(0,0,0);\"><p>Sterownik wentylatora Hunter serii 350 to prosty i nieskomplikowany spos\u00f3b zarz\u0105dzania komfortem w Twoim obiekcie poprzez sie\u0107 Ethernet. Nie jest potrzebne dodatkowe zasilanie, poniewa\u017c ten sterownik otrzymuje zasilanie bezpo\u015brednio z przetwornicy cz\u0119stotliwo\u015bci VFD (variable frequency drive).<br \/>\nZarz\u0105dzaj wszystkimi podstawowymi operacjami wentylatora za pomoc\u0105 3,5-calowego kolorowego, cyfrowego ekranu dotykowego. Ten sterownik jest gotowy do pracy w sieci do prostego \u0142a\u0144cuchowego \u0142\u0105czenia do 10 wentylator\u00f3w. Wyposa\u017cony w czujnik zbli\u017ceniowy, aby &#8220;obudzi\u0107&#8221; kontroler, zapewniaj\u0105c d\u0142u\u017csz\u0105 \u017cywotno\u015b\u0107.<\/p>\n<ul>\n<li>Prosty, intuicyjny interfejs u\u017cytkownika do podstawowego sterowania wentylatorami<\/li>\n<li>Powiadomienia o b\u0142\u0119dach wentylator\u00f3w na ekranie wy\u015bwieltacza<\/li>\n<li>Szybka instalacja, nie wymaga dodatkowego zasilania<\/li>\n<\/ul>\n<\/div><\/div><\/div><div class=\"fusion-clearfix\"><\/div><\/div><\/div><\/div><\/div><div class=\"fusion-fullwidth fullwidth-box fusion-builder-row-3 hundred-percent-fullwidth non-hundred-percent-height-scrolling fusion-equal-height-columns\" style=\"background-color: rgba(255,255,255,0);background-position: left top;background-repeat: no-repeat;padding-top:0px;padding-right:0px;padding-bottom:0px;padding-left:0px;margin-bottom: 0px;margin-top: 0px;border-width: 0px 0px 0px 0px;border-color:#eae9e9;border-style:solid;\" ><div class=\"fusion-builder-row fusion-row\"><div class=\"fusion-layout-column fusion_builder_column fusion-builder-column-3 fusion_builder_column_1_2 1_2 fusion-one-half fusion-column-first\" style=\"margin-top:0px;margin-bottom:0px;\"><div class=\"fusion-column-wrapper fusion-flex-column-wrapper-legacy\" style=\"background-position:left top;background-repeat:no-repeat;-webkit-background-size:cover;-moz-background-size:cover;-o-background-size:cover;background-size:cover;padding: 17% 17% 17% 17%;\"><div class=\"fusion-column-content-centered\"><div class=\"fusion-column-content\"><style type=\"text\/css\"><\/style><div class=\"fusion-title title fusion-title-2 fusion-title-text fusion-title-size-two\" style=\"margin-top:0px;margin-bottom:30px;\"><h2 class=\"title-heading-left\" style=\"margin:0;\">Sterownik typu 500<\/h2><div class=\"title-sep-container\"><div class=\"title-sep sep-\" style=\"border-color:#e2e2e2;\"><\/div><\/div><\/div><div class=\"fusion-text fusion-text-3\" style=\"transform:translate3d(0,0,0);\"><p>Sterownik serii 500 daje u\u017cytkownikom mo\u017cliwo\u015bci potrzebne do maksymalnego wykorzystania ich wentylator\u00f3w. Oferuje zaawansowan\u0105 kontrol\u0119 dla maksymalnie 30 wentylator\u00f3w poprzez sie\u0107 Ethernet, kt\u00f3ra obejmuje zasilanie sterownika.<br \/>\n\u0141atwe zarz\u0105dzanie ka\u017cdego wentylatora z poziomu 5&#8243; ledowego wy\u015bwietlacza ekranu dotykowego z graficzn\u0105 wizualizacj\u0105 pr\u0119dko\u015bci i kierunku wentylatora. Sterownik pozwala u\u017cytkownikom na planowanie i tworzenie stref wentylator\u00f3w dla prostej kontroli, jak r\u00f3wnie\u017c wy\u015bwietla informacje o b\u0142\u0119dach, co u\u0142atwia rozwi\u0105zywanie wszelkich problem\u00f3w.<\/p>\n<ul>\n<li>Prosty, intuicyjny interfejs u\u017cytkownika do sterowania maksymalnie 30 wentylatorami<\/li>\n<li>Ochrona has\u0142em dla tworzenia harmonogramu, grupowania i nadawania nazw wentylatorom<\/li>\n<li>Integracja z systemem BMS <\/li>\n<li>Diagnostyka wentylator\u00f3w bezpo\u015brednio z ekranu<\/li>\n<li>Szybka instalacja, nie wymaga dodatkowego zasilania<\/li>\n<\/ul>\n<\/div><\/div><\/div><div class=\"fusion-clearfix\"><\/div><\/div><\/div><div class=\"fusion-layout-column fusion_builder_column fusion-builder-column-4 fusion_builder_column_1_2 1_2 fusion-one-half fusion-column-last fusion-column-inner-bg-wrapper fusion-animated\" style=\"margin-top:0px;margin-bottom:0px;\" data-animationType=\"fadeInRight\" data-animationDuration=\"0.5\" data-animationOffset=\"100%\"><div class=\"fusion-column-wrapper fusion-flex-column-wrapper-legacy\" style=\"padding: 0px 0px 0px 0px;\" data-bg-url=\"https:\/\/hunterindustrialfan.eu\/wp-content\/uploads\/2021\/05\/500-series-sin-cable-scaled-1.jpeg\"><div class=\"fusion-column-content-centered\"><div class=\"fusion-column-content\"><\/div><\/div><div class=\"fusion-clearfix\"><\/div><\/div><span class=\"fusion-column-inner-bg hover-type-zoomin\"><a class=\"fusion-column-anchor\"><span class=\"fusion-column-inner-bg-image\" style=\"background-color:#1a1a1a;background-image: url(&#039;https:\/\/hunterindustrialfan.eu\/wp-content\/uploads\/2021\/05\/500-series-sin-cable-scaled-1.jpeg&#039;);background-position:center top;background-repeat:no-repeat;-webkit-background-size:cover;-moz-background-size:cover;-o-background-size:cover;background-size:cover;\"><\/span><\/a><\/span><\/div><\/div><\/div><div class=\"fusion-fullwidth fullwidth-box fusion-builder-row-4 hundred-percent-fullwidth non-hundred-percent-height-scrolling fusion-equal-height-columns\" style=\"background-color: rgba(255,255,255,0);background-position: left top;background-repeat: no-repeat;padding-top:0px;padding-right:0px;padding-bottom:0px;padding-left:0px;margin-bottom: 0px;margin-top: 0px;border-width: 0px 0px 0px 0px;border-color:#eae9e9;border-style:solid;\" ><div class=\"fusion-builder-row fusion-row\"><div class=\"fusion-layout-column fusion_builder_column fusion-builder-column-5 fusion_builder_column_1_2 1_2 fusion-one-half fusion-column-first fusion-column-inner-bg-wrapper fusion-animated\" style=\"margin-top:0px;margin-bottom:0px;\" data-animationType=\"fadeInRight\" data-animationDuration=\"0.5\" data-animationOffset=\"100%\"><div class=\"fusion-column-wrapper fusion-flex-column-wrapper-legacy\" style=\"padding: 0px 0px 0px 0px;\" data-bg-url=\"https:\/\/hunterindustrialfan.eu\/wp-content\/uploads\/2021\/05\/700-series-2-scaled-1.jpeg\"><div class=\"fusion-column-content-centered\"><div class=\"fusion-column-content\"><\/div><\/div><div class=\"fusion-clearfix\"><\/div><\/div><span class=\"fusion-column-inner-bg hover-type-zoomin\"><a class=\"fusion-column-anchor\"><span class=\"fusion-column-inner-bg-image\" style=\"background-color:#1a1a1a;background-image: url(&#039;https:\/\/hunterindustrialfan.eu\/wp-content\/uploads\/2021\/05\/700-series-2-scaled-1.jpeg&#039;);background-position:center top;background-repeat:no-repeat;-webkit-background-size:cover;-moz-background-size:cover;-o-background-size:cover;background-size:cover;\"><\/span><\/a><\/span><\/div><div class=\"fusion-layout-column fusion_builder_column fusion-builder-column-6 fusion_builder_column_1_2 1_2 fusion-one-half fusion-column-last\" style=\"margin-top:0px;margin-bottom:0px;\"><div class=\"fusion-column-wrapper fusion-flex-column-wrapper-legacy\" style=\"background-position:left top;background-repeat:no-repeat;-webkit-background-size:cover;-moz-background-size:cover;-o-background-size:cover;background-size:cover;padding: 17% 17% 17% 17%;\"><div class=\"fusion-column-content-centered\"><div class=\"fusion-column-content\"><style type=\"text\/css\"><\/style><div class=\"fusion-title title fusion-title-3 fusion-title-text fusion-title-size-two\" style=\"margin-top:0px;margin-bottom:30px;\"><h2 class=\"title-heading-left\" style=\"margin:0;\">Seria 700E: Pakiet sterowania \u015brodowiskiem<\/h2><div class=\"title-sep-container\"><div class=\"title-sep sep-\" style=\"border-color:#e2e2e2;\"><\/div><\/div><\/div><div class=\"fusion-text fusion-text-4\" style=\"transform:translate3d(0,0,0);\"><p>Korzystaj przez ca\u0142y rok z zalet wentylator\u00f3w Hunter HVLS. Sterownik serii 700E firmy Hunter utrzymuje komfort w obiektach, jednocze\u015bnie optymalnie obs\u0142uguj\u0105c wentylatory, wykorzystuj\u0105c warunki panuj\u0105ce w pomieszczeniu jako wskaz\u00f3wk\u0119. Sterownik 700E mo\u017ce zarz\u0105dza\u0107 maksymalnie 30 wentylatorami, wykorzystuj\u0105c zar\u00f3wno temperatur\u0119, jak i poziom wilgotno\u015bci, aby u\u0142atwi\u0107 maksymalne wykorzystanie wentylator\u00f3w HVLS w obiekcie.<br \/>\nTryb letni, przeznaczony do pracy w cieplejszych porach roku, zapewnia u\u017cytkownikom komfort poprzez automatyczn\u0105 regulacj\u0119 pr\u0119dko\u015bci obrotowej wentylatora w celu uzyskania efektu ch\u0142odzenia, kt\u00f3ry jest wa\u017cny dla utrzymania wysokiej wydajno\u015bci. Po naci\u015bni\u0119ciu przycisku wentylatory prze\u0142\u0105czaj\u0105 si\u0119 w tryb zimowy dla optymalnej destratyfikacji w ch\u0142odniejszych porach roku. To spychanie ciep\u0142ego powietrza z sufitu do poziomu pod\u0142ogi utrzymuje u\u017cytkownik\u00f3w w komforcie, tworz\u0105c jednocze\u015bnie znacz\u0105ce oszcz\u0119dno\u015bci zu\u017cycia energii.700E posiada 7&#8243; ekran dotykowy, kt\u00f3ry mo\u017ce r\u00f3wnie\u017c obs\u0142ugiwa\u0107 wentylatory zar\u00f3wno jako pojedynczo lub w grupach, z operacjami takimi jak planowanie i rozwi\u0105zywanie problem\u00f3w. Instalacja 700E oraz czujnik\u00f3w jest szybka i \u0142atwa dzi\u0119ki zastosowaniu kabli Ethernet pomi\u0119dzy wszystkimi komponentami nie wymaga dodatkowych \u017ar\u00f3de\u0142 zasilania.<\/p>\n<ul>\n<li>Najbardziej efektywny spos\u00f3b sterowania wentylatorami<\/li>\n<li>Automatyczna konfiguracja<\/li>\n<li>Szybka instalacja, nie wymaga dodatkowego zasilania<\/li>\n<li>Zmiana trybu pracy wentylatora (lato\/zima) jednym przyciskiem<\/li>\n<\/ul>\n<p><span style=\"font-weight: 400;\">Seria 700E zawiera: 7&#8243; ekran ledowy, 2 czujniki temperatury i wilgotno\u015bci oraz koncentrator sieciowy (HUB) i kable CAT5.<\/span><\/p>\n<\/div><\/div><\/div><div class=\"fusion-clearfix\"><\/div><\/div><\/div><\/div><\/div><div class=\"fusion-fullwidth fullwidth-box fusion-builder-row-5 hundred-percent-fullwidth non-hundred-percent-height-scrolling fusion-equal-height-columns\" style=\"background-color: rgba(255,255,255,0);background-position: left top;background-repeat: no-repeat;padding-top:0px;padding-right:0px;padding-bottom:0px;padding-left:0px;margin-bottom: 0px;margin-top: 0px;border-width: 0px 0px 0px 0px;border-color:#eae9e9;border-style:solid;\" ><div class=\"fusion-builder-row fusion-row\"><div class=\"fusion-layout-column fusion_builder_column fusion-builder-column-7 fusion_builder_column_1_2 1_2 fusion-one-half fusion-column-first\" style=\"margin-top:0px;margin-bottom:0px;\"><div class=\"fusion-column-wrapper fusion-flex-column-wrapper-legacy\" style=\"background-position:left top;background-repeat:no-repeat;-webkit-background-size:cover;-moz-background-size:cover;-o-background-size:cover;background-size:cover;padding: 17% 17% 17% 17%;\"><div class=\"fusion-column-content-centered\"><div class=\"fusion-column-content\"><style type=\"text\/css\"><\/style><div class=\"fusion-title title fusion-title-4 fusion-title-text fusion-title-size-two\" style=\"margin-top:0px;margin-bottom:30px;\"><h2 class=\"title-heading-left\" style=\"margin:0;\">Integracja BMS<\/h2><div class=\"title-sep-container\"><div class=\"title-sep sep-\" style=\"border-color:#e2e2e2;\"><\/div><\/div><\/div><div class=\"fusion-text fusion-text-5\" style=\"transform:translate3d(0,0,0);\"><p>Proste pod\u0142\u0105czenie wentylator\u00f3w do systemu zarz\u0105dzania budynkiem. Umo\u017cliwia zdalne monitorowanie, sterowanie i wizualizacj\u0119 sieci wentylator\u00f3w.<\/p>\n<ul>\n<li>Wej\u015bcie pozwala na komunikacj\u0119 sieci wentylator\u00f3w zar\u00f3wno z systemem BAS\/BMS jak i z lokalnym sterownikiem HMI.<\/li>\n<li>Obs\u0142uguje BACnet MS\/TP i BACnet\/IP<\/li>\n<li>1 wej\u015bcie na sie\u0107 (obs\u0142uguje maksymalnie 30 wentylator\u00f3w)<\/li>\n<li>Konfiguracja sterownik\u00f3w poprzez interfejs WWW<\/li>\n<\/ul>\n<\/div><\/div><\/div><div class=\"fusion-clearfix\"><\/div><\/div><\/div><div class=\"fusion-layout-column fusion_builder_column fusion-builder-column-8 fusion_builder_column_1_2 1_2 fusion-one-half fusion-column-last fusion-column-inner-bg-wrapper fusion-animated\" style=\"margin-top:0px;margin-bottom:0px;\" data-animationType=\"fadeInRight\" data-animationDuration=\"0.5\" data-animationOffset=\"100%\"><div class=\"fusion-column-wrapper fusion-flex-column-wrapper-legacy\" style=\"padding: 0px 0px 0px 0px;\" data-bg-url=\"https:\/\/hunterindustrialfan.eu\/wp-content\/uploads\/2021\/05\/bacnet-hunter-scaled-1.jpeg\"><div class=\"fusion-column-content-centered\"><div class=\"fusion-column-content\"><\/div><\/div><div class=\"fusion-clearfix\"><\/div><\/div><span class=\"fusion-column-inner-bg hover-type-zoomin\"><a class=\"fusion-column-anchor\"><span class=\"fusion-column-inner-bg-image\" style=\"background-color:#1a1a1a;background-image: url(&#039;https:\/\/hunterindustrialfan.eu\/wp-content\/uploads\/2021\/05\/bacnet-hunter-scaled-1.jpeg&#039;);background-position:center top;background-repeat:no-repeat;-webkit-background-size:cover;-moz-background-size:cover;-o-background-size:cover;background-size:cover;\"><\/span><\/a><\/span><\/div><\/div><\/div><div class=\"fusion-fullwidth fullwidth-box fusion-builder-row-6 nonhundred-percent-fullwidth non-hundred-percent-height-scrolling fusion-equal-height-columns\" style=\"background-color: #537f53;background-position: center center;background-repeat: no-repeat;padding-top:57px;padding-right:0px;padding-bottom:57px;padding-left:0px;margin-bottom: 0px;margin-top: 0px;border-width: 0px 0px 0px 0px;border-color:#eae9e9;border-style:solid;\" ><div class=\"fusion-builder-row fusion-row\"><div class=\"fusion-layout-column fusion_builder_column fusion-builder-column-9 fusion_builder_column_1_1 1_1 fusion-one-full fusion-column-first fusion-column-last fusion-column-inner-bg-wrapper\" style=\"margin-top:0px;margin-bottom:0px;\"><div class=\"fusion-column-wrapper fusion-flex-column-wrapper-legacy\" style=\"border-width: 5px 5px 5px 5px;border-color:#537f53;border-style:solid;padding: 30px 0px 30px 0px;\"><style type=\"text\/css\"><\/style><div class=\"fusion-title title fusion-title-5 fusion-title-center fusion-title-text fusion-title-size-three\" style=\"margin-top:0px;margin-bottom:0px;\"><div class=\"title-sep-container title-sep-container-left\"><div class=\"title-sep sep-\" style=\"border-color:#e2e2e2;\"><\/div><\/div><h3 class=\"title-heading-center\" style=\"margin:0;color:#ffffff;\"><span style=\"font-weight: 400;\">Kontakt<\/span><\/h3><div class=\"title-sep-container title-sep-container-right\"><div class=\"title-sep sep-\" style=\"border-color:#e2e2e2;\"><\/div><\/div><\/div><div class=\"fusion-clearfix\"><\/div><\/div><span class=\"fusion-column-inner-bg hover-type-none\"><a href=\"http:\/\/hunterindustrialfan.eu\/industrial-support\/\"><span class=\"fusion-column-inner-bg-image\" style=\"background-color:#2f2f2f;background-position:left top;background-repeat:no-repeat;-webkit-background-size:cover;-moz-background-size:cover;-o-background-size:cover;background-size:cover;\"><\/span><\/a><\/span><\/div><\/div><\/div><\/p>\n","protected":false},"excerpt":{"rendered":"","protected":false},"author":1,"featured_media":0,"parent":0,"menu_order":0,"comment_status":"closed","ping_status":"closed","template":"100-width.php","meta":[],"yoast_head":"<!-- This site is optimized with the Yoast SEO plugin v16.0.2 - https:\/\/yoast.com\/wordpress\/plugins\/seo\/ -->\n<title>Sterowniki wentylator\u00f3w HVLS | Hunter Industrial Fan | Hunter Fan<\/title>\n<meta name=\"description\" content=\"Nasz zesp\u00f3\u0142 Hunter Industrial chce mie\u0107 pewno\u015b\u0107, \u017ce po zainstalowaniu naszych wentylator\u00f3w b\u0119dziesz m\u00f3g\u0142 skupi\u0107 si\u0119 na innych wa\u017cnych rzeczach w swojej firmie.\" \/>\n<link rel=\"canonical\" href=\"https:\/\/hunterindustrialfan.eu\/pl\/sterowniki-wentylatorow-hvls\/\" \/>\n<meta property=\"og:locale\" content=\"pl_PL\" \/>\n<meta property=\"og:type\" content=\"article\" \/>\n<meta property=\"og:title\" content=\"Sterowniki wentylator\u00f3w HVLS | Hunter Industrial Fan | Hunter Fan\" \/>\n<meta property=\"og:description\" content=\"Nasz zesp\u00f3\u0142 Hunter Industrial chce mie\u0107 pewno\u015b\u0107, \u017ce po zainstalowaniu naszych wentylator\u00f3w b\u0119dziesz m\u00f3g\u0142 skupi\u0107 si\u0119 na innych wa\u017cnych rzeczach w swojej firmie.\" \/>\n<meta property=\"og:url\" content=\"https:\/\/hunterindustrialfan.eu\/pl\/sterowniki-wentylatorow-hvls\/\" \/>\n<meta property=\"og:site_name\" content=\"Hunter Fan\" \/>\n<meta property=\"article:modified_time\" content=\"2022-02-01T22:51:35+00:00\" \/>\n<meta name=\"twitter:card\" content=\"summary_large_image\" \/>\n<meta name=\"twitter:label1\" content=\"Szacowany czas czytania\">\n\t<meta name=\"twitter:data1\" content=\"30 minut\">\n<script type=\"application\/ld+json\" class=\"yoast-schema-graph\">{\"@context\":\"https:\/\/schema.org\",\"@graph\":[{\"@type\":\"WebSite\",\"@id\":\"https:\/\/hunterindustrialfan.eu\/#website\",\"url\":\"https:\/\/hunterindustrialfan.eu\/\",\"name\":\"Hunter Fan\",\"description\":\"HVLS Industrial Ceiling Fans\",\"potentialAction\":[{\"@type\":\"SearchAction\",\"target\":\"https:\/\/hunterindustrialfan.eu\/?s={search_term_string}\",\"query-input\":\"required name=search_term_string\"}],\"inLanguage\":\"pl-PL\"},{\"@type\":\"WebPage\",\"@id\":\"https:\/\/hunterindustrialfan.eu\/pl\/sterowniki-wentylatorow-hvls\/#webpage\",\"url\":\"https:\/\/hunterindustrialfan.eu\/pl\/sterowniki-wentylatorow-hvls\/\",\"name\":\"Sterowniki wentylator\\u00f3w HVLS | Hunter Industrial Fan | Hunter Fan\",\"isPartOf\":{\"@id\":\"https:\/\/hunterindustrialfan.eu\/#website\"},\"datePublished\":\"2022-01-18T23:27:21+00:00\",\"dateModified\":\"2022-02-01T22:51:35+00:00\",\"description\":\"Nasz zesp\\u00f3\\u0142 Hunter Industrial chce mie\\u0107 pewno\\u015b\\u0107, \\u017ce po zainstalowaniu naszych wentylator\\u00f3w b\\u0119dziesz m\\u00f3g\\u0142 skupi\\u0107 si\\u0119 na innych wa\\u017cnych rzeczach w swojej firmie.\",\"breadcrumb\":{\"@id\":\"https:\/\/hunterindustrialfan.eu\/pl\/sterowniki-wentylatorow-hvls\/#breadcrumb\"},\"inLanguage\":\"pl-PL\",\"potentialAction\":[{\"@type\":\"ReadAction\",\"target\":[\"https:\/\/hunterindustrialfan.eu\/pl\/sterowniki-wentylatorow-hvls\/\"]}]},{\"@type\":\"BreadcrumbList\",\"@id\":\"https:\/\/hunterindustrialfan.eu\/pl\/sterowniki-wentylatorow-hvls\/#breadcrumb\",\"itemListElement\":[{\"@type\":\"ListItem\",\"position\":1,\"item\":{\"@type\":\"WebPage\",\"@id\":\"https:\/\/hunterindustrialfan.eu\/pl\/\",\"url\":\"https:\/\/hunterindustrialfan.eu\/pl\/\",\"name\":\"Home\"}},{\"@type\":\"ListItem\",\"position\":2,\"item\":{\"@type\":\"WebPage\",\"@id\":\"https:\/\/hunterindustrialfan.eu\/pl\/sterowniki-wentylatorow-hvls\/\",\"url\":\"https:\/\/hunterindustrialfan.eu\/pl\/sterowniki-wentylatorow-hvls\/\",\"name\":\"Sterowniki wentylator\\u00f3w HVLS\"}}]}]}<\/script>\n<!-- \/ Yoast SEO plugin. -->","_links":{"self":[{"href":"https:\/\/hunterindustrialfan.eu\/pl\/wp-json\/wp\/v2\/pages\/5068"}],"collection":[{"href":"https:\/\/hunterindustrialfan.eu\/pl\/wp-json\/wp\/v2\/pages"}],"about":[{"href":"https:\/\/hunterindustrialfan.eu\/pl\/wp-json\/wp\/v2\/types\/page"}],"author":[{"embeddable":true,"href":"https:\/\/hunterindustrialfan.eu\/pl\/wp-json\/wp\/v2\/users\/1"}],"replies":[{"embeddable":true,"href":"https:\/\/hunterindustrialfan.eu\/pl\/wp-json\/wp\/v2\/comments?post=5068"}],"version-history":[{"count":4,"href":"https:\/\/hunterindustrialfan.eu\/pl\/wp-json\/wp\/v2\/pages\/5068\/revisions"}],"predecessor-version":[{"id":5460,"href":"https:\/\/hunterindustrialfan.eu\/pl\/wp-json\/wp\/v2\/pages\/5068\/revisions\/5460"}],"wp:attachment":[{"href":"https:\/\/hunterindustrialfan.eu\/pl\/wp-json\/wp\/v2\/media?parent=5068"}],"curies":[{"name":"wp","href":"https:\/\/api.w.org\/{rel}","templated":true}]}}