{"id":4786,"date":"2022-01-17T23:23:09","date_gmt":"2022-01-17T23:23:09","guid":{"rendered":"https:\/\/hunterindustrialfan.eu\/high-volume-industrial-ceiling-fans\/premium-residential-ceiling-fans\/"},"modified":"2022-02-01T22:44:34","modified_gmt":"2022-02-01T22:44:34","slug":"mieszkaniowe-wentylatory-sufitowe-klasy-premium","status":"publish","type":"page","link":"https:\/\/hunterindustrialfan.eu\/pl\/wysokowydajne-przemyslowe-wentylatory-sufitowe\/mieszkaniowe-wentylatory-sufitowe-klasy-premium\/","title":{"rendered":"Mieszkaniowe wentylatory sufitowe klasy Premium"},"content":{"rendered":"<p><div class=\"fusion-fullwidth fullwidth-box fusion-builder-row-1 nonhundred-percent-fullwidth non-hundred-percent-height-scrolling\" style=\"background-color: rgba(0,0,0,0.54);background-position: center top;background-repeat: no-repeat;background-blend-mode: overlay;padding-top:50px;padding-right:15%;padding-bottom:35px;padding-left:15%;margin-bottom: 0px;margin-top: 0px;border-width: 0px 0px 0px 0px;border-color:#eae9e9;border-style:solid;\" ><div class=\"fusion-builder-row fusion-row\"><div class=\"fusion-layout-column fusion_builder_column fusion-builder-column-0 fusion_builder_column_1_1 1_1 fusion-one-full fusion-column-first fusion-column-last fusion-column-no-min-height\" style=\"margin-top:0px;margin-bottom:0px;\"><div class=\"fusion-column-wrapper fusion-flex-column-wrapper-legacy\" style=\"background-position:left top;background-repeat:no-repeat;-webkit-background-size:cover;-moz-background-size:cover;-o-background-size:cover;background-size:cover;padding: 0px 0px 0px 0px;\"><style type=\"text\/css\"><\/style><div class=\"fusion-title title fusion-title-1 fusion-title-center fusion-title-text fusion-title-size-one\" style=\"font-size:28px;margin-top:0px;margin-bottom:30px;\"><div class=\"title-sep-container title-sep-container-left\"><div class=\"title-sep sep-\" style=\"border-color:#e2e2e2;\"><\/div><\/div><h1 class=\"title-heading-center\" style=\"margin:0;font-size:1em;color:#ffffff;\">Znajd\u017a idealny wentylator dla swojego domu<\/h1><div class=\"title-sep-container title-sep-container-right\"><div class=\"title-sep sep-\" style=\"border-color:#e2e2e2;\"><\/div><\/div><\/div><div class=\"fusion-clearfix\"><\/div><\/div><\/div><\/div><\/div><div class=\"fusion-fullwidth fullwidth-box fusion-builder-row-2 hundred-percent-fullwidth non-hundred-percent-height-scrolling fusion-equal-height-columns\" style=\"background-color: rgba(255,255,255,0);background-position: left top;background-repeat: no-repeat;padding-top:0px;padding-right:0px;padding-bottom:0px;padding-left:0px;margin-bottom: 0px;margin-top: 0px;border-width: 0px 0px 0px 0px;border-color:#eae9e9;border-style:solid;\" ><div class=\"fusion-builder-row fusion-row\"><div class=\"fusion-layout-column fusion_builder_column fusion-builder-column-1 fusion_builder_column_1_2 1_2 fusion-one-half fusion-column-first fusion-column-inner-bg-wrapper fusion-animated\" style=\"margin-top:0px;margin-bottom:0px;\" data-animationType=\"fadeInRight\" data-animationDuration=\"0.5\" data-animationOffset=\"100%\"><div class=\"fusion-column-wrapper fusion-flex-column-wrapper-legacy\" style=\"padding: 0px 0px 0px 0px;\" data-bg-url=\"https:\/\/hunterindustrialfan.eu\/wp-content\/uploads\/2021\/05\/fans-for-home.jpeg\"><div class=\"fusion-column-content-centered\"><div class=\"fusion-column-content\"><\/div><\/div><div class=\"fusion-clearfix\"><\/div><\/div><span class=\"fusion-column-inner-bg hover-type-zoomin\"><a class=\"fusion-column-anchor\"><span class=\"fusion-column-inner-bg-image\" style=\"background-color:#1a1a1a;background-image: url(&#039;https:\/\/hunterindustrialfan.eu\/wp-content\/uploads\/2021\/05\/fans-for-home.jpeg&#039;);background-position:center center;background-repeat:no-repeat;-webkit-background-size:cover;-moz-background-size:cover;-o-background-size:cover;background-size:cover;\"><\/span><\/a><\/span><\/div><div class=\"fusion-layout-column fusion_builder_column fusion-builder-column-2 fusion_builder_column_1_2 1_2 fusion-one-half fusion-column-last\" style=\"margin-top:0px;margin-bottom:0px;\"><div class=\"fusion-column-wrapper fusion-flex-column-wrapper-legacy\" style=\"background-position:left top;background-repeat:no-repeat;-webkit-background-size:cover;-moz-background-size:cover;-o-background-size:cover;background-size:cover;background-color:#537f53;padding: 17% 17% 17% 17%;\"><div class=\"fusion-column-content-centered\"><div class=\"fusion-column-content\"><style type=\"text\/css\"><\/style><div class=\"fusion-title title fusion-title-2 fusion-title-text fusion-title-size-two\" style=\"margin-top:0px;margin-bottom:30px;\"><h2 class=\"title-heading-left\" style=\"margin:0;color:#ffffff;\">Wentylatory dla domu<\/h2><div class=\"title-sep-container\"><div class=\"title-sep sep-\" style=\"border-color:#e2e2e2;\"><\/div><\/div><\/div><div class=\"fusion-text fusion-text-1\" style=\"color:#ffffff;transform:translate3d(0,0,0);\"><p>Podnie\u015b standard wygl\u0105du swojego domu lub firmy dzi\u0119ki stylowym, najlepszym wentylatorom sufitowym marki Hunter, kt\u00f3re s\u0105 dost\u0119pne w osza\u0142amiaj\u0105cej r\u00f3\u017cnorodno\u015bci wzornictwa, funkcjonalno\u015bci, kolor\u00f3w i rozmiar\u00f3w.<\/p>\n<\/div><\/div><\/div><div class=\"fusion-clearfix\"><\/div><\/div><\/div><\/div><\/div><div class=\"fusion-fullwidth fullwidth-box fusion-builder-row-3 hundred-percent-fullwidth non-hundred-percent-height-scrolling fusion-equal-height-columns\" style=\"background-color: rgba(255,255,255,0);background-position: left top;background-repeat: no-repeat;padding-top:0px;padding-right:0px;padding-bottom:0px;padding-left:0px;margin-bottom: 0px;margin-top: 0px;border-width: 0px 0px 0px 0px;border-color:#eae9e9;border-style:solid;\" ><div class=\"fusion-builder-row fusion-row\"><div class=\"fusion-layout-column fusion_builder_column fusion-builder-column-3 fusion_builder_column_1_2 1_2 fusion-one-half fusion-column-first\" style=\"margin-top:0px;margin-bottom:0px;\"><div class=\"fusion-column-wrapper fusion-flex-column-wrapper-legacy\" style=\"background-position:left top;background-repeat:no-repeat;-webkit-background-size:cover;-moz-background-size:cover;-o-background-size:cover;background-size:cover;background-color:#537f53;padding: 17% 17% 17% 17%;\"><div class=\"fusion-column-content-centered\"><div class=\"fusion-column-content\"><style type=\"text\/css\"><\/style><div class=\"fusion-title title fusion-title-3 fusion-title-text fusion-title-size-two\" style=\"margin-top:0px;margin-bottom:30px;\"><h2 class=\"title-heading-left\" style=\"margin:0;color:#ffffff;\">Inspiruj\u0105cy design<\/h2><div class=\"title-sep-container\"><div class=\"title-sep sep-\" style=\"border-color:#e2e2e2;\"><\/div><\/div><\/div><div class=\"fusion-text fusion-text-2\" style=\"color:#ffffff;transform:translate3d(0,0,0);\"><p>John Hunter nauczy\u0142 nas wyprzedza\u0107 najnowsze trendy w projektowaniu wn\u0119trz, aby znale\u017a\u0107 co\u015b \u015bwie\u017cego i ekscytuj\u0105cego. Inspiracja mo\u017ce czai\u0107 si\u0119 za ka\u017cdym rogiem, klasyczny wygl\u0105d mo\u017cna zawsze zmieni\u0107 na nowoczesny, i zawsze mo\u017cna nawi\u0105za\u0107 interesuj\u0105cymi elementami, kt\u00f3re zmieni\u0105 Tw\u00f3j wentylator sufitowy w centralny punkt.<\/p>\n<\/div><\/div><\/div><div class=\"fusion-clearfix\"><\/div><\/div><\/div><div class=\"fusion-layout-column fusion_builder_column fusion-builder-column-4 fusion_builder_column_1_2 1_2 fusion-one-half fusion-column-last fusion-column-inner-bg-wrapper fusion-animated\" style=\"margin-top:0px;margin-bottom:0px;\" data-animationType=\"fadeInRight\" data-animationDuration=\"0.5\" data-animationOffset=\"100%\"><div class=\"fusion-column-wrapper fusion-flex-column-wrapper-legacy\" style=\"padding: 0px 0px 0px 0px;\" data-bg-url=\"https:\/\/hunterindustrialfan.eu\/wp-content\/uploads\/2021\/05\/inspired-design.jpeg\"><div class=\"fusion-column-content-centered\"><div class=\"fusion-column-content\"><\/div><\/div><div class=\"fusion-clearfix\"><\/div><\/div><span class=\"fusion-column-inner-bg hover-type-zoomin\"><a class=\"fusion-column-anchor\"><span class=\"fusion-column-inner-bg-image\" style=\"background-color:#1a1a1a;background-image: url(&#039;https:\/\/hunterindustrialfan.eu\/wp-content\/uploads\/2021\/05\/inspired-design.jpeg&#039;);background-position:center center;background-repeat:no-repeat;-webkit-background-size:cover;-moz-background-size:cover;-o-background-size:cover;background-size:cover;\"><\/span><\/a><\/span><\/div><\/div><\/div><div class=\"fusion-fullwidth fullwidth-box fusion-builder-row-4 hundred-percent-fullwidth non-hundred-percent-height-scrolling fusion-equal-height-columns\" style=\"background-color: rgba(255,255,255,0);background-position: left top;background-repeat: no-repeat;padding-top:0px;padding-right:0px;padding-bottom:0px;padding-left:0px;margin-bottom: 0px;margin-top: 0px;border-width: 0px 0px 0px 0px;border-color:#eae9e9;border-style:solid;\" ><div class=\"fusion-builder-row fusion-row\"><div class=\"fusion-layout-column fusion_builder_column fusion-builder-column-5 fusion_builder_column_1_2 1_2 fusion-one-half fusion-column-first fusion-column-inner-bg-wrapper fusion-animated\" style=\"margin-top:0px;margin-bottom:0px;\" data-animationType=\"fadeInRight\" data-animationDuration=\"0.5\" data-animationOffset=\"100%\"><div class=\"fusion-column-wrapper fusion-flex-column-wrapper-legacy\" style=\"padding: 0px 0px 0px 0px;\" data-bg-url=\"https:\/\/hunterindustrialfan.eu\/wp-content\/uploads\/2021\/05\/worry-and-wobbly-free.jpeg\"><div class=\"fusion-column-content-centered\"><div class=\"fusion-column-content\"><\/div><\/div><div class=\"fusion-clearfix\"><\/div><\/div><span class=\"fusion-column-inner-bg hover-type-zoomin\"><a class=\"fusion-column-anchor\"><span class=\"fusion-column-inner-bg-image\" style=\"background-color:#1a1a1a;background-image: url(&#039;https:\/\/hunterindustrialfan.eu\/wp-content\/uploads\/2021\/05\/worry-and-wobbly-free.jpeg&#039;);background-position:center center;background-repeat:no-repeat;-webkit-background-size:cover;-moz-background-size:cover;-o-background-size:cover;background-size:cover;\"><\/span><\/a><\/span><\/div><div class=\"fusion-layout-column fusion_builder_column fusion-builder-column-6 fusion_builder_column_1_2 1_2 fusion-one-half fusion-column-last\" style=\"margin-top:0px;margin-bottom:0px;\"><div class=\"fusion-column-wrapper fusion-flex-column-wrapper-legacy\" style=\"background-position:left top;background-repeat:no-repeat;-webkit-background-size:cover;-moz-background-size:cover;-o-background-size:cover;background-size:cover;background-color:#537f53;padding: 17% 17% 17% 17%;\"><div class=\"fusion-column-content-centered\"><div class=\"fusion-column-content\"><style type=\"text\/css\"><\/style><div class=\"fusion-title title fusion-title-4 fusion-title-text fusion-title-size-two\" style=\"margin-top:0px;margin-bottom:30px;\"><h2 class=\"title-heading-left\" style=\"margin:0;color:#ffffff;\">Bez zmartwie\u0144 i zb\u0119dnych wibracji<\/h2><div class=\"title-sep-container\"><div class=\"title-sep sep-\" style=\"border-color:#e2e2e2;\"><\/div><\/div><\/div><div class=\"fusion-text fusion-text-3\" style=\"color:#ffffff;transform:translate3d(0,0,0);\"><p>Wentylatory sufitowe Hunter s\u0105 zaprojektowane tak, aby by\u0142y zar\u00f3wno niezawodne, jak i bardzo ciche. Testujemy, testujemy i jeszcze raz testujemy najdrobiejszy detal. W rzeczywisto\u015bci, przeprowadzamy wi\u0119cej test\u00f3w jako\u015bci ni\u017c jakakolwiek konkurencja. Je\u015bli interesuje Ci\u0119 nasz proces testowania, obejrzyj nasz film. Zobaczysz jak testujemy pod k\u0105tem warunk\u00f3w pogodowych, wibracji i wielu innych czynnik\u00f3w.<\/p>\n<\/div><\/div><\/div><div class=\"fusion-clearfix\"><\/div><\/div><\/div><\/div><\/div><div class=\"fusion-fullwidth fullwidth-box fusion-builder-row-5 hundred-percent-fullwidth non-hundred-percent-height-scrolling fusion-equal-height-columns\" style=\"background-color: rgba(255,255,255,0);background-position: left top;background-repeat: no-repeat;padding-top:0px;padding-right:0px;padding-bottom:0px;padding-left:0px;margin-bottom: 0px;margin-top: 0px;border-width: 0px 0px 0px 0px;border-color:#eae9e9;border-style:solid;\" ><div class=\"fusion-builder-row fusion-row\"><div class=\"fusion-layout-column fusion_builder_column fusion-builder-column-7 fusion_builder_column_1_2 1_2 fusion-one-half fusion-column-first\" style=\"margin-top:0px;margin-bottom:0px;\"><div class=\"fusion-column-wrapper fusion-flex-column-wrapper-legacy\" style=\"background-position:left top;background-repeat:no-repeat;-webkit-background-size:cover;-moz-background-size:cover;-o-background-size:cover;background-size:cover;background-color:#537f53;padding: 17% 17% 17% 17%;\"><div class=\"fusion-column-content-centered\"><div class=\"fusion-column-content\"><style type=\"text\/css\"><\/style><div class=\"fusion-title title fusion-title-5 fusion-title-text fusion-title-size-two\" style=\"margin-top:0px;margin-bottom:30px;\"><h2 class=\"title-heading-left\" style=\"margin:0;color:#ffffff;\">Wentylatory WeatherMax<\/h2><div class=\"title-sep-container\"><div class=\"title-sep sep-\" style=\"border-color:#e2e2e2;\"><\/div><\/div><\/div><div class=\"fusion-text fusion-text-4\" style=\"color:#ffffff;transform:translate3d(0,0,0);\"><p>Wentylatory WeatherMax\u00ae zosta\u0142y zaprojektowane tak, aby wytrzyma\u0107 dzia\u0142anie \u017cywio\u0142\u00f3w i jednocze\u015bnie wygl\u0105da\u0107 doskonale. Wyposa\u017cone s\u0105 w szereg technologii i innowacji, aby zapewni\u0107 d\u0142ug\u0105 \u017cywotno\u015b\u0107 w przestrzeniach zewn\u0119trznych. Wentylatory WeatherMax s\u0105:<\/p>\n<ul>\n<li>Odporne na wilgo\u0107<\/li>\n<li>Odporne na korozj\u0119<\/li>\n<li>Odporne na dzia\u0142anie soli i powietrza<\/li>\n<\/ul>\n<p>Ka\u017cdy wentylator WeatherMax posiada gwarancj\u0119 SureSpeed\u00ae firmy Hunter. Wentylatory z gwarancj\u0105 SureSpeed s\u0105 zoptymalizowane do pracy z wy\u017csz\u0105 pr\u0119dko\u015bci\u0105 ni\u017c wiod\u0105cy konkurenci, zapewniaj\u0105c ch\u0142odz\u0105c\u0105 bryz\u0119.<\/p>\n<\/div><\/div><\/div><div class=\"fusion-clearfix\"><\/div><\/div><\/div><div class=\"fusion-layout-column fusion_builder_column fusion-builder-column-8 fusion_builder_column_1_2 1_2 fusion-one-half fusion-column-last fusion-column-inner-bg-wrapper fusion-animated\" style=\"margin-top:0px;margin-bottom:0px;\" data-animationType=\"fadeInRight\" data-animationDuration=\"0.5\" data-animationOffset=\"100%\"><div class=\"fusion-column-wrapper fusion-flex-column-wrapper-legacy\" style=\"padding: 0px 0px 0px 0px;\" data-bg-url=\"https:\/\/hunterindustrialfan.eu\/wp-content\/uploads\/2021\/05\/WeatherMax-fans.jpeg\"><div class=\"fusion-column-content-centered\"><div class=\"fusion-column-content\"><\/div><\/div><div class=\"fusion-clearfix\"><\/div><\/div><span class=\"fusion-column-inner-bg hover-type-zoomin\"><a class=\"fusion-column-anchor\"><span class=\"fusion-column-inner-bg-image\" style=\"background-color:#1a1a1a;background-image: url(&#039;https:\/\/hunterindustrialfan.eu\/wp-content\/uploads\/2021\/05\/WeatherMax-fans.jpeg&#039;);background-position:center center;background-repeat:no-repeat;-webkit-background-size:cover;-moz-background-size:cover;-o-background-size:cover;background-size:cover;\"><\/span><\/a><\/span><\/div><\/div><\/div><div class=\"fusion-fullwidth fullwidth-box fusion-builder-row-6 nonhundred-percent-fullwidth non-hundred-percent-height-scrolling fusion-equal-height-columns\" style=\"background-color: #537f53;background-position: center center;background-repeat: no-repeat;padding-top:57px;padding-right:0px;padding-bottom:57px;padding-left:0px;margin-bottom: 0px;margin-top: 0px;border-width: 0px 0px 0px 0px;border-color:#eae9e9;border-style:solid;\" ><div class=\"fusion-builder-row fusion-row\"><div class=\"fusion-layout-column fusion_builder_column fusion-builder-column-9 fusion_builder_column_1_1 1_1 fusion-one-full fusion-column-first fusion-column-last fusion-column-inner-bg-wrapper\" style=\"margin-top:0px;margin-bottom:0px;\"><div class=\"fusion-column-wrapper fusion-flex-column-wrapper-legacy\" style=\"border-width: 5px 5px 5px 5px;border-color:#537f53;border-style:solid;padding: 30px 0px 30px 0px;\"><style type=\"text\/css\"><\/style><div class=\"fusion-title title fusion-title-6 fusion-title-center fusion-title-text fusion-title-size-three\" style=\"margin-top:0px;margin-bottom:0px;\"><div class=\"title-sep-container title-sep-container-left\"><div class=\"title-sep sep-\" style=\"border-color:#e2e2e2;\"><\/div><\/div><h3 class=\"title-heading-center\" style=\"margin:0;color:#ffffff;\"><span style=\"font-weight: 400;\">Znajd\u017a dystrybutora<\/span><\/h3><div class=\"title-sep-container title-sep-container-right\"><div class=\"title-sep sep-\" style=\"border-color:#e2e2e2;\"><\/div><\/div><\/div><div class=\"fusion-clearfix\"><\/div><\/div><span class=\"fusion-column-inner-bg hover-type-none\"><a href=\"http:\/\/hunterindustrialfan.eu\/industrial-international-dealers\/\"><span class=\"fusion-column-inner-bg-image\" style=\"background-color:#2f2f2f;background-position:left top;background-repeat:no-repeat;-webkit-background-size:cover;-moz-background-size:cover;-o-background-size:cover;background-size:cover;\"><\/span><\/a><\/span><\/div><\/div><\/div><\/p>\n","protected":false},"excerpt":{"rendered":"","protected":false},"author":1,"featured_media":0,"parent":4604,"menu_order":0,"comment_status":"closed","ping_status":"closed","template":"100-width.php","meta":[],"yoast_head":"<!-- This site is optimized with the Yoast SEO plugin v16.0.2 - https:\/\/yoast.com\/wordpress\/plugins\/seo\/ -->\n<title>Mieszkaniowe wentylatory sufitowe klasy Premium | Hunter Fan<\/title>\n<meta name=\"description\" content=\"Podnie\u015b standard wygl\u0105du swojego domu lub firmy dzi\u0119ki stylowym, najlepszym wentylatorom sufitowym marki Hunter, kt\u00f3re s\u0105 dost\u0119pne w osza\u0142amiaj\u0105cej r\u00f3\u017cnorodno\u015bci wzornictwa, funkcjonalno\u015bci, kolor\u00f3w i rozmiar\u00f3w.\" \/>\n<link rel=\"canonical\" href=\"https:\/\/hunterindustrialfan.eu\/pl\/wysokowydajne-przemyslowe-wentylatory-sufitowe\/mieszkaniowe-wentylatory-sufitowe-klasy-premium\/\" \/>\n<meta property=\"og:locale\" content=\"pl_PL\" \/>\n<meta property=\"og:type\" content=\"article\" \/>\n<meta property=\"og:title\" content=\"Mieszkaniowe wentylatory sufitowe klasy Premium | Hunter Fan\" \/>\n<meta property=\"og:description\" content=\"Podnie\u015b standard wygl\u0105du swojego domu lub firmy dzi\u0119ki stylowym, najlepszym wentylatorom sufitowym marki Hunter, kt\u00f3re s\u0105 dost\u0119pne w osza\u0142amiaj\u0105cej r\u00f3\u017cnorodno\u015bci wzornictwa, funkcjonalno\u015bci, kolor\u00f3w i rozmiar\u00f3w.\" \/>\n<meta property=\"og:url\" content=\"https:\/\/hunterindustrialfan.eu\/pl\/wysokowydajne-przemyslowe-wentylatory-sufitowe\/mieszkaniowe-wentylatory-sufitowe-klasy-premium\/\" \/>\n<meta property=\"og:site_name\" content=\"Hunter Fan\" \/>\n<meta property=\"article:modified_time\" content=\"2022-02-01T22:44:34+00:00\" \/>\n<meta name=\"twitter:card\" content=\"summary_large_image\" \/>\n<meta name=\"twitter:label1\" content=\"Szacowany czas czytania\">\n\t<meta name=\"twitter:data1\" content=\"29 minut\">\n<script type=\"application\/ld+json\" class=\"yoast-schema-graph\">{\"@context\":\"https:\/\/schema.org\",\"@graph\":[{\"@type\":\"WebSite\",\"@id\":\"https:\/\/hunterindustrialfan.eu\/#website\",\"url\":\"https:\/\/hunterindustrialfan.eu\/\",\"name\":\"Hunter Fan\",\"description\":\"HVLS Industrial Ceiling Fans\",\"potentialAction\":[{\"@type\":\"SearchAction\",\"target\":\"https:\/\/hunterindustrialfan.eu\/?s={search_term_string}\",\"query-input\":\"required name=search_term_string\"}],\"inLanguage\":\"pl-PL\"},{\"@type\":\"WebPage\",\"@id\":\"https:\/\/hunterindustrialfan.eu\/pl\/wysokowydajne-przemyslowe-wentylatory-sufitowe\/mieszkaniowe-wentylatory-sufitowe-klasy-premium\/#webpage\",\"url\":\"https:\/\/hunterindustrialfan.eu\/pl\/wysokowydajne-przemyslowe-wentylatory-sufitowe\/mieszkaniowe-wentylatory-sufitowe-klasy-premium\/\",\"name\":\"Mieszkaniowe wentylatory sufitowe klasy Premium | Hunter Fan\",\"isPartOf\":{\"@id\":\"https:\/\/hunterindustrialfan.eu\/#website\"},\"datePublished\":\"2022-01-17T23:23:09+00:00\",\"dateModified\":\"2022-02-01T22:44:34+00:00\",\"description\":\"Podnie\\u015b standard wygl\\u0105du swojego domu lub firmy dzi\\u0119ki stylowym, najlepszym wentylatorom sufitowym marki Hunter, kt\\u00f3re s\\u0105 dost\\u0119pne w osza\\u0142amiaj\\u0105cej r\\u00f3\\u017cnorodno\\u015bci wzornictwa, funkcjonalno\\u015bci, kolor\\u00f3w i rozmiar\\u00f3w.\",\"breadcrumb\":{\"@id\":\"https:\/\/hunterindustrialfan.eu\/pl\/wysokowydajne-przemyslowe-wentylatory-sufitowe\/mieszkaniowe-wentylatory-sufitowe-klasy-premium\/#breadcrumb\"},\"inLanguage\":\"pl-PL\",\"potentialAction\":[{\"@type\":\"ReadAction\",\"target\":[\"https:\/\/hunterindustrialfan.eu\/pl\/wysokowydajne-przemyslowe-wentylatory-sufitowe\/mieszkaniowe-wentylatory-sufitowe-klasy-premium\/\"]}]},{\"@type\":\"BreadcrumbList\",\"@id\":\"https:\/\/hunterindustrialfan.eu\/pl\/wysokowydajne-przemyslowe-wentylatory-sufitowe\/mieszkaniowe-wentylatory-sufitowe-klasy-premium\/#breadcrumb\",\"itemListElement\":[{\"@type\":\"ListItem\",\"position\":1,\"item\":{\"@type\":\"WebPage\",\"@id\":\"https:\/\/hunterindustrialfan.eu\/pl\/\",\"url\":\"https:\/\/hunterindustrialfan.eu\/pl\/\",\"name\":\"Home\"}},{\"@type\":\"ListItem\",\"position\":2,\"item\":{\"@type\":\"WebPage\",\"@id\":\"https:\/\/hunterindustrialfan.eu\/pl\/wysokowydajne-przemyslowe-wentylatory-sufitowe\/\",\"url\":\"https:\/\/hunterindustrialfan.eu\/pl\/wysokowydajne-przemyslowe-wentylatory-sufitowe\/\",\"name\":\"Wysokowydajne przemys\\u0142owe wentylatory sufitowe\"}},{\"@type\":\"ListItem\",\"position\":3,\"item\":{\"@type\":\"WebPage\",\"@id\":\"https:\/\/hunterindustrialfan.eu\/pl\/wysokowydajne-przemyslowe-wentylatory-sufitowe\/mieszkaniowe-wentylatory-sufitowe-klasy-premium\/\",\"url\":\"https:\/\/hunterindustrialfan.eu\/pl\/wysokowydajne-przemyslowe-wentylatory-sufitowe\/mieszkaniowe-wentylatory-sufitowe-klasy-premium\/\",\"name\":\"Mieszkaniowe wentylatory sufitowe klasy Premium\"}}]}]}<\/script>\n<!-- \/ Yoast SEO plugin. -->","_links":{"self":[{"href":"https:\/\/hunterindustrialfan.eu\/pl\/wp-json\/wp\/v2\/pages\/4786"}],"collection":[{"href":"https:\/\/hunterindustrialfan.eu\/pl\/wp-json\/wp\/v2\/pages"}],"about":[{"href":"https:\/\/hunterindustrialfan.eu\/pl\/wp-json\/wp\/v2\/types\/page"}],"author":[{"embeddable":true,"href":"https:\/\/hunterindustrialfan.eu\/pl\/wp-json\/wp\/v2\/users\/1"}],"replies":[{"embeddable":true,"href":"https:\/\/hunterindustrialfan.eu\/pl\/wp-json\/wp\/v2\/comments?post=4786"}],"version-history":[{"count":4,"href":"https:\/\/hunterindustrialfan.eu\/pl\/wp-json\/wp\/v2\/pages\/4786\/revisions"}],"predecessor-version":[{"id":5455,"href":"https:\/\/hunterindustrialfan.eu\/pl\/wp-json\/wp\/v2\/pages\/4786\/revisions\/5455"}],"up":[{"embeddable":true,"href":"https:\/\/hunterindustrialfan.eu\/pl\/wp-json\/wp\/v2\/pages\/4604"}],"wp:attachment":[{"href":"https:\/\/hunterindustrialfan.eu\/pl\/wp-json\/wp\/v2\/media?parent=4786"}],"curies":[{"name":"wp","href":"https:\/\/api.w.org\/{rel}","templated":true}]}}