{"id":4002,"date":"2021-04-16T16:29:59","date_gmt":"2021-04-16T16:29:59","guid":{"rendered":"http:\/\/hunterindustrialfan.eu\/?page_id=4002"},"modified":"2021-12-14T23:25:01","modified_gmt":"2021-12-14T23:25:01","slug":"politica-de-privacidad","status":"publish","type":"page","link":"https:\/\/hunterindustrialfan.eu\/es\/politica-de-privacidad\/","title":{"rendered":"Pol\u00edtica De Privacidad"},"content":{"rendered":"<p>&nbsp;<\/p>\n<p>&nbsp;<\/p>\n<p><strong>1 \u2013 RESPONSABLE<\/strong><\/p>\n<ul>\n<li>Titular: SMART FAN, S.L (en adelante, \u00abLA EMPRESA\u00bb)<\/li>\n<li>NIF: B40579716<\/li>\n<li>Domicilio social: C\/ Industrial del Cart\u00f3, 19 \u2013 Pol. Ind. Mas del Jutge C.P 46.900 TORRENT (Valencia)<\/li>\n<li>Inscrita en el Registro Mercantil de Valencia en el Libro 1\/2019\/124000,0, diario 911, asiento 692 Tomo 10.659, P\u00e1gina 172, inscripci\u00f3n 1 con hoja V-187328.<\/li>\n<\/ul>\n<div><\/div>\n<p><strong>2 \u2013 INFORMACI\u00d3N Y CONSENTIMIENTO<\/strong><\/p>\n<p>Mediante la aceptaci\u00f3n de la presente Pol\u00edtica de Privacidad, el Usuario queda informado y presta su consentimiento libre, informado, espec\u00edfico e inequ\u00edvoco para que sus datos personales sean tratados por LA EMPRESA.<\/p>\n<p><strong>3 \u2013 \u00bfCON QU\u00c9 FINALIDAD TRATAR\u00c1 LA EMPRESA LOS DATOS PERSONALES DEL USUARIO?<\/strong><\/p>\n<p>Los datos personales facilitados del Usuario ser\u00e1n tratados por LA EMPRESA conforme a las siguientes finalidades:<\/p>\n<ul>\n<li>Llevar a cabo la prestaci\u00f3n de los servicios contratados, el mantenimiento de la relaci\u00f3n contractual y el seguimiento de la misma, as\u00ed como la realizaci\u00f3n de encuestas de satisfacci\u00f3n.<\/li>\n<li>Gestionar, tramitar y dar respuesta a peticiones, solicitudes, incidencias, quejas, reclamaciones o consultas del Usuario.<\/li>\n<li>Gestionar el env\u00edo de comunicaciones comerciales sobre productos y servicios comercializados por LA EMPRESA por medios electr\u00f3nicos y\/o convencionales.<\/li>\n<li>Whatsapp y otros medios tecnol\u00f3gicos: Atenci\u00f3n a las consultas realizadas.<\/li>\n<\/ul>\n<div><\/div>\n<p><strong>4 \u2013 \u00bfDURANTE CU\u00c1NTO TIEMPO TRATAR\u00c1 LA EMPRESA LOS DATOS PERSONALES DEL USUARIO?<\/strong><\/p>\n<p>Los datos del Usuario relacionados con el cumplimiento de la relaci\u00f3n contractual ser\u00e1n conservados con ese fin durante todo el tiempo en que el contrato est\u00e9 vigente y, a\u00fan despu\u00e9s, durante todo el tiempo exigido por la legislaci\u00f3n aplicable y hasta que prescriban las eventuales responsabilidades derivadas del contrato. En lo relativo al env\u00edo de comunicaciones comerciales, LA EMPRESA tratar\u00e1 los datos del Usuario, hasta que \u00e9ste se oponga.<\/p>\n<p><strong>5 \u2013 \u00bfQU\u00c9 DATOS DEL USUARIO TRATAR\u00c1 LA EMPRESA?<\/strong><\/p>\n<p>LA EMPRESA tratar\u00e1 las siguientes categor\u00edas de datos del Usuario:<\/p>\n<ul>\n<li><strong>Datos identificativos<\/strong>: nombre, apellidos<\/li>\n<li><strong>Datos de contacto:<\/strong>\u00a0direcci\u00f3n postal, direcci\u00f3n de correo electr\u00f3nico, tel\u00e9fono y nombre de la empresa.<\/li>\n<\/ul>\n<p>En caso de que el Usuario facilite datos de terceros, manifiesta contar con el consentimiento de los mismos y se compromete a trasladarle la informaci\u00f3n contenida en la Pol\u00edtica de Privacidad, eximiendo a LA EMPRESA de cualquier responsabilidad en este sentido. No obstante, LA EMPRESA podr\u00e1 llevar a cabo las verificaciones peri\u00f3dicas para constatar este hecho, adoptando las medidas de diligencia debida que correspondan, conforme a la normativa de protecci\u00f3n de datos.<\/p>\n<p><strong>6 \u2013 \u00bfCU\u00c1L ES LA LEGITIMACI\u00d3N DEL TRATAMIENTO DE LOS DATOS DEL USUARIO?<\/strong><\/p>\n<p>El tratamiento de los datos del Usuario por parte de LA EMPRESA para el env\u00edo de comunicaciones comerciales, para la gesti\u00f3n administrativa y fiscal de la empresa y para la realizaci\u00f3n de encuestas de satisfacci\u00f3n est\u00e1 basado en el inter\u00e9s leg\u00edtimo de LA EMPRESA de conformidad con lo establecido en el RGPD. En el caso de video vigilancia, la legitimaci\u00f3n ser\u00e1 seg\u00fan Art\u00edculo 6.1.e del RGPD: Cumplimiento de una misi\u00f3n de inter\u00e9s p\u00fablico.<\/p>\n<p><strong>7 \u2013 \u00bfA QU\u00c9 DESTINATARIOS SE COMUNICAR\u00c1N LOS DATOS DEL USUARIO?<\/strong><\/p>\n<p>Los datos del Usuario podr\u00e1n ser comunicados, \u00fanicamente, a las Administraciones P\u00fablicas en los casos previstos por la Ley.<\/p>\n<p><strong>8 \u2013 COMUNICACIONES COMERCIALES Y PROMOCIONALES<\/strong><\/p>\n<p>Una de las finalidades para las que LA EMPRESA trata los datos personales proporcionados por parte de los Usuarios es para remitirles comunicaciones comerciales por medios electr\u00f3nicos y convencionales, con informaci\u00f3n relativa a productos, servicios, promociones, ofertas, eventos o noticias relevantes para los Usuarios. Siempre que se realice alguna comunicaci\u00f3n de este tipo, \u00e9sta ser\u00e1 dirigida \u00fanica y exclusivamente a aquellos Usuarios que no hubieran manifestado previamente su negativa a la recepci\u00f3n de las mismas.<\/p>\n<p>En caso de que el Usuario desee dejar de recibir comunicaciones comerciales o promocionales por parte de LA EMPRESA puede solicitar la baja del servicio enviando un email a la siguiente direcci\u00f3n de correo electr\u00f3nico: info@smartfan.es \u00a0o mediante el link que figure en el footer de los correos electr\u00f3nicos promocionales.<\/p>\n<p><strong>9 \u2013 EJERCICIO DE DERECHOS<\/strong><\/p>\n<p>El Usuario puede enviar un escrito a SMART FAN, S.L Departamento de Atenci\u00f3n al Cliente \u2013 Protecci\u00f3n de datos, C\/ Virgen de la Paz, 34 CP 46.900 TORRENT (Valencia) o mediante un correo electr\u00f3nico a info@smartfan.es con la Referencia \u00abProtecci\u00f3n de Datos\u00bb, adjuntando fotocopia de su documento de identidad, en cualquier momento y de manera gratuita, para:<\/p>\n<ul>\n<li>Revocar los consentimientos otorgados.<\/li>\n<li>Obtener confirmaci\u00f3n acerca de si en LA EMPRESA se est\u00e1n tratando datos personales que conciernen al Usuario o no.<\/li>\n<li>Acceder a sus datos personales.<\/li>\n<li>Rectificar los datos inexactos o incompletos.<\/li>\n<li>Solicitar la supresi\u00f3n de sus datos cuando, entre otros motivos, los datos ya no sean necesarios para los fines que fueron recogidos.<\/li>\n<li>Obtener de LA EMPRESA la limitaci\u00f3n del tratamiento de los datos cuando se cumpla alguna de las condiciones previstas en la normativa de protecci\u00f3n de datos.<\/li>\n<li>Solicitar la portabilidad de sus datos.<\/li>\n<li>Reclamar ante la Agencia Espa\u00f1ola de Protecci\u00f3n de Datos, a trav\u00e9s de la siguiente direcci\u00f3n\u00a0<a href=\"https:\/\/www.agpd.es\/\">https:\/\/www.agpd.es<\/a>, cuando el interesado considere que LA EMPRESA ha vulnerado los derechos que le son reconocidos por la normativa aplicable en protecci\u00f3n de datos.<\/li>\n<\/ul>\n<p>Sin perjuicio de lo anterior, el interesado podr\u00e1 ponerse en contacto con LA EMPRESA cuyos datos de contacto son a trav\u00e9s de info@smartfan.es<\/p>\n<p><strong>10 \u2013 MEDIDAS DE SEGURIDAD<\/strong><\/p>\n<p>LA EMPRESA tratar\u00e1 los datos del Usuario en todo momento de forma absolutamente confidencial y guardando el preceptivo deber de secreto respecto de los mismos, de conformidad con lo previsto en la normativa de aplicaci\u00f3n, adoptando al efecto las medidas de \u00edndole t\u00e9cnica y organizativas necesarias que garanticen la seguridad de sus datos y eviten su alteraci\u00f3n, p\u00e9rdida, tratamiento o acceso no autorizado, habida cuenta del estado de la tecnolog\u00eda, la naturaleza de los datos almacenados y los riesgos a que est\u00e1n expuestos.<\/p>\n<p><strong>11 \u2013 CAMBIOS<\/strong><\/p>\n<p>LA EMPRESA se reserva el derecho de revisar su Pol\u00edtica de Privacidad en el momento que lo considere oportuno. Por esta raz\u00f3n, le rogamos que compruebe de forma regular esta declaraci\u00f3n de privacidad para leer la versi\u00f3n m\u00e1s reciente de la Pol\u00edtica de Privacidad de LA EMPRESA.<\/p>\n<p>Pol\u00edtica de Privacidad Revisada: Enero 2021<\/p>\n","protected":false},"excerpt":{"rendered":"<p>&nbsp; &nbsp; 1 \u2013 RESPONSABLE Titular: SMART FAN, S.L (en adelante, \u00abLA EMPRESA\u00bb) NIF: B40579716 Domicilio social: C\/ Industrial del Cart\u00f3, 19 \u2013 Pol. Ind. Mas del Jutge C.P 46.900 TORRENT (Valencia) Inscrita en el Registro Mercantil de Valencia en el Libro 1\/2019\/124000,0, diario 911, asiento 692 Tomo 10.659, P\u00e1gina 172, inscripci\u00f3n 1 con hoja [&hellip;]<\/p>\n","protected":false},"author":3,"featured_media":0,"parent":0,"menu_order":0,"comment_status":"closed","ping_status":"closed","template":"","meta":[],"yoast_head":"<!-- This site is optimized with the Yoast SEO plugin v16.0.2 - https:\/\/yoast.com\/wordpress\/plugins\/seo\/ -->\n<title>Pol\u00edtica De Privacidad | Hunter Fan<\/title>\n<meta name=\"description\" content=\"Mediante la aceptaci\u00f3n de la presente Pol\u00edtica de Privacidad, el Usuario queda informado y presta su consentimiento libre, informado, espec\u00edfico e inequ\u00edvoco para que sus datos personales\" \/>\n<link rel=\"canonical\" href=\"https:\/\/hunterindustrialfan.eu\/es\/politica-de-privacidad\/\" \/>\n<meta property=\"og:locale\" content=\"es_ES\" \/>\n<meta property=\"og:type\" content=\"article\" \/>\n<meta property=\"og:title\" content=\"Pol\u00edtica De Privacidad | Hunter Fan\" \/>\n<meta property=\"og:description\" content=\"Mediante la aceptaci\u00f3n de la presente Pol\u00edtica de Privacidad, el Usuario queda informado y presta su consentimiento libre, informado, espec\u00edfico e inequ\u00edvoco para que sus datos personales\" \/>\n<meta property=\"og:url\" content=\"https:\/\/hunterindustrialfan.eu\/es\/politica-de-privacidad\/\" \/>\n<meta property=\"og:site_name\" content=\"Hunter Fan\" \/>\n<meta property=\"article:modified_time\" content=\"2021-12-14T23:25:01+00:00\" \/>\n<meta name=\"twitter:card\" content=\"summary_large_image\" \/>\n<meta name=\"twitter:label1\" content=\"Tiempo de lectura\">\n\t<meta name=\"twitter:data1\" content=\"5 minutos\">\n<script type=\"application\/ld+json\" class=\"yoast-schema-graph\">{\"@context\":\"https:\/\/schema.org\",\"@graph\":[{\"@type\":\"WebSite\",\"@id\":\"https:\/\/hunterindustrialfan.eu\/#website\",\"url\":\"https:\/\/hunterindustrialfan.eu\/\",\"name\":\"Hunter Fan\",\"description\":\"Ventiladores de Techo Industriales HVLS\",\"potentialAction\":[{\"@type\":\"SearchAction\",\"target\":\"https:\/\/hunterindustrialfan.eu\/?s={search_term_string}\",\"query-input\":\"required name=search_term_string\"}],\"inLanguage\":\"es\"},{\"@type\":\"WebPage\",\"@id\":\"https:\/\/hunterindustrialfan.eu\/es\/politica-de-privacidad\/#webpage\",\"url\":\"https:\/\/hunterindustrialfan.eu\/es\/politica-de-privacidad\/\",\"name\":\"Pol\\u00edtica De Privacidad | Hunter Fan\",\"isPartOf\":{\"@id\":\"https:\/\/hunterindustrialfan.eu\/#website\"},\"datePublished\":\"2021-04-16T16:29:59+00:00\",\"dateModified\":\"2021-12-14T23:25:01+00:00\",\"description\":\"Mediante la aceptaci\\u00f3n de la presente Pol\\u00edtica de Privacidad, el Usuario queda informado y presta su consentimiento libre, informado, espec\\u00edfico e inequ\\u00edvoco para que sus datos personales\",\"breadcrumb\":{\"@id\":\"https:\/\/hunterindustrialfan.eu\/es\/politica-de-privacidad\/#breadcrumb\"},\"inLanguage\":\"es\",\"potentialAction\":[{\"@type\":\"ReadAction\",\"target\":[\"https:\/\/hunterindustrialfan.eu\/es\/politica-de-privacidad\/\"]}]},{\"@type\":\"BreadcrumbList\",\"@id\":\"https:\/\/hunterindustrialfan.eu\/es\/politica-de-privacidad\/#breadcrumb\",\"itemListElement\":[{\"@type\":\"ListItem\",\"position\":1,\"item\":{\"@type\":\"WebPage\",\"@id\":\"https:\/\/hunterindustrialfan.eu\/es\/\",\"url\":\"https:\/\/hunterindustrialfan.eu\/es\/\",\"name\":\"Home\"}},{\"@type\":\"ListItem\",\"position\":2,\"item\":{\"@type\":\"WebPage\",\"@id\":\"https:\/\/hunterindustrialfan.eu\/es\/politica-de-privacidad\/\",\"url\":\"https:\/\/hunterindustrialfan.eu\/es\/politica-de-privacidad\/\",\"name\":\"Pol\\u00edtica De Privacidad\"}}]}]}<\/script>\n<!-- \/ Yoast SEO plugin. -->","_links":{"self":[{"href":"https:\/\/hunterindustrialfan.eu\/es\/wp-json\/wp\/v2\/pages\/4002"}],"collection":[{"href":"https:\/\/hunterindustrialfan.eu\/es\/wp-json\/wp\/v2\/pages"}],"about":[{"href":"https:\/\/hunterindustrialfan.eu\/es\/wp-json\/wp\/v2\/types\/page"}],"author":[{"embeddable":true,"href":"https:\/\/hunterindustrialfan.eu\/es\/wp-json\/wp\/v2\/users\/3"}],"replies":[{"embeddable":true,"href":"https:\/\/hunterindustrialfan.eu\/es\/wp-json\/wp\/v2\/comments?post=4002"}],"version-history":[{"count":4,"href":"https:\/\/hunterindustrialfan.eu\/es\/wp-json\/wp\/v2\/pages\/4002\/revisions"}],"predecessor-version":[{"id":4026,"href":"https:\/\/hunterindustrialfan.eu\/es\/wp-json\/wp\/v2\/pages\/4002\/revisions\/4026"}],"wp:attachment":[{"href":"https:\/\/hunterindustrialfan.eu\/es\/wp-json\/wp\/v2\/media?parent=4002"}],"curies":[{"name":"wp","href":"https:\/\/api.w.org\/{rel}","templated":true}]}}