{"id":3858,"date":"2021-03-25T17:55:10","date_gmt":"2021-03-25T17:55:10","guid":{"rendered":"http:\/\/hunterfanes.wpengine.com\/?page_id=3858"},"modified":"2021-12-21T23:43:25","modified_gmt":"2021-12-21T23:43:25","slug":"residencial-ventiladores-de-techo","status":"publish","type":"page","link":"https:\/\/hunterindustrialfan.eu\/es\/industrial-productos\/residencial-ventiladores-de-techo\/","title":{"rendered":"Ventiladores de techo residenciales premium"},"content":{"rendered":"<p><div class=\"fusion-fullwidth fullwidth-box fusion-builder-row-1 nonhundred-percent-fullwidth non-hundred-percent-height-scrolling\" style=\"background-color: rgba(0,0,0,0.54);background-position: center top;background-repeat: no-repeat;background-blend-mode: overlay;padding-top:50px;padding-right:15%;padding-bottom:35px;padding-left:15%;margin-bottom: 0px;margin-top: 0px;border-width: 0px 0px 0px 0px;border-color:#eae9e9;border-style:solid;\" ><div class=\"fusion-builder-row fusion-row\"><div class=\"fusion-layout-column fusion_builder_column fusion-builder-column-0 fusion_builder_column_1_1 1_1 fusion-one-full fusion-column-first fusion-column-last fusion-column-no-min-height\" style=\"margin-top:0px;margin-bottom:0px;\"><div class=\"fusion-column-wrapper fusion-flex-column-wrapper-legacy\" style=\"background-position:left top;background-repeat:no-repeat;-webkit-background-size:cover;-moz-background-size:cover;-o-background-size:cover;background-size:cover;padding: 0px 0px 0px 0px;\"><style type=\"text\/css\"><\/style><div class=\"fusion-title title fusion-title-1 fusion-title-center fusion-title-text fusion-title-size-one\" style=\"margin-top:0px;margin-bottom:30px;\"><div class=\"title-sep-container title-sep-container-left\"><div class=\"title-sep sep-\" style=\"border-color:#e2e2e2;\"><\/div><\/div><h1 class=\"title-heading-center\" style=\"margin:0;color:#ffffff;\">Encuentre el ventilador de techo perfecto para su casa<\/h1><div class=\"title-sep-container title-sep-container-right\"><div class=\"title-sep sep-\" style=\"border-color:#e2e2e2;\"><\/div><\/div><\/div><div class=\"fusion-clearfix\"><\/div><\/div><\/div><\/div><\/div><div class=\"fusion-fullwidth fullwidth-box fusion-builder-row-2 hundred-percent-fullwidth non-hundred-percent-height-scrolling fusion-equal-height-columns\" style=\"background-color: rgba(255,255,255,0);background-position: left top;background-repeat: no-repeat;padding-top:0px;padding-right:0px;padding-bottom:0px;padding-left:0px;margin-bottom: 0px;margin-top: 0px;border-width: 0px 0px 0px 0px;border-color:#eae9e9;border-style:solid;\" ><div class=\"fusion-builder-row fusion-row\"><div class=\"fusion-layout-column fusion_builder_column fusion-builder-column-1 fusion_builder_column_1_2 1_2 fusion-one-half fusion-column-first fusion-column-inner-bg-wrapper fusion-animated\" style=\"margin-top:0px;margin-bottom:0px;\" data-animationType=\"fadeInRight\" data-animationDuration=\"0.5\" data-animationOffset=\"100%\"><div class=\"fusion-column-wrapper fusion-flex-column-wrapper-legacy\" style=\"padding: 0px 0px 0px 0px;\" data-bg-url=\"https:\/\/hunterindustrialfan.eu\/wp-content\/uploads\/2021\/05\/WeatherMax-fans.jpeg\"><div class=\"fusion-column-content-centered\"><div class=\"fusion-column-content\"><\/div><\/div><div class=\"fusion-clearfix\"><\/div><\/div><span class=\"fusion-column-inner-bg hover-type-zoomin\"><a class=\"fusion-column-anchor\"><span class=\"fusion-column-inner-bg-image\" style=\"background-color:#1a1a1a;background-image: url(&#039;https:\/\/hunterindustrialfan.eu\/wp-content\/uploads\/2021\/05\/WeatherMax-fans.jpeg&#039;);background-position:center center;background-repeat:no-repeat;-webkit-background-size:cover;-moz-background-size:cover;-o-background-size:cover;background-size:cover;\"><\/span><\/a><\/span><\/div><div class=\"fusion-layout-column fusion_builder_column fusion-builder-column-2 fusion_builder_column_1_2 1_2 fusion-one-half fusion-column-last\" style=\"margin-top:0px;margin-bottom:0px;\"><div class=\"fusion-column-wrapper fusion-flex-column-wrapper-legacy\" style=\"background-position:left top;background-repeat:no-repeat;-webkit-background-size:cover;-moz-background-size:cover;-o-background-size:cover;background-size:cover;background-color:#537f53;padding: 17% 17% 17% 17%;\"><div class=\"fusion-column-content-centered\"><div class=\"fusion-column-content\"><style type=\"text\/css\"><\/style><div class=\"fusion-title title fusion-title-2 fusion-title-text fusion-title-size-two\" style=\"margin-top:0px;margin-bottom:30px;\"><h2 class=\"title-heading-left\" style=\"margin:0;color:#ffffff;\">Ventiladores de techo para el hogar<\/h2><div class=\"title-sep-container\"><div class=\"title-sep sep-\" style=\"border-color:#e2e2e2;\"><\/div><\/div><\/div><div class=\"fusion-text fusion-text-1\" style=\"color:#ffffff;transform:translate3d(0,0,0);\"><p>Modernice el aspecto de su hogar o negocio con los mejores ventiladores de techo de Hunter que vienen en una impresionante variedad de caracter\u00edsticas, dise\u00f1os, colores y tama\u00f1os.<\/p>\n<\/div><\/div><\/div><div class=\"fusion-clearfix\"><\/div><\/div><\/div><\/div><\/div><div class=\"fusion-fullwidth fullwidth-box fusion-builder-row-3 hundred-percent-fullwidth non-hundred-percent-height-scrolling fusion-equal-height-columns\" style=\"background-color: rgba(255,255,255,0);background-position: left top;background-repeat: no-repeat;padding-top:0px;padding-right:0px;padding-bottom:0px;padding-left:0px;margin-bottom: 0px;margin-top: 0px;border-width: 0px 0px 0px 0px;border-color:#eae9e9;border-style:solid;\" ><div class=\"fusion-builder-row fusion-row\"><div class=\"fusion-layout-column fusion_builder_column fusion-builder-column-3 fusion_builder_column_1_2 1_2 fusion-one-half fusion-column-first\" style=\"margin-top:0px;margin-bottom:0px;\"><div class=\"fusion-column-wrapper fusion-flex-column-wrapper-legacy\" style=\"background-position:left top;background-repeat:no-repeat;-webkit-background-size:cover;-moz-background-size:cover;-o-background-size:cover;background-size:cover;background-color:#537f53;padding: 17% 17% 17% 17%;\"><div class=\"fusion-column-content-centered\"><div class=\"fusion-column-content\"><style type=\"text\/css\"><\/style><div class=\"fusion-title title fusion-title-3 fusion-title-text fusion-title-size-two\" style=\"margin-top:0px;margin-bottom:30px;\"><h2 class=\"title-heading-left\" style=\"margin:0;color:#ffffff;\">Dise\u00f1o inspirado<\/h2><div class=\"title-sep-container\"><div class=\"title-sep sep-\" style=\"border-color:#e2e2e2;\"><\/div><\/div><\/div><div class=\"fusion-text fusion-text-2\" style=\"color:#ffffff;transform:translate3d(0,0,0);\"><p>John Hunter nos ense\u00f1\u00f3 a mirar m\u00e1s all\u00e1 de las \u00faltimas tendencias en dise\u00f1o de interiores para encontrar algo fresco y emocionante. La inspiraci\u00f3n puede estar a la vuelta de cualquier esquina, los looks cl\u00e1sicos siempre pueden cambiarse por un toque moderno, y siempre hay una asociaci\u00f3n interesante que puede convertir su ventilador de techo en una pieza central.<\/p>\n<\/div><\/div><\/div><div class=\"fusion-clearfix\"><\/div><\/div><\/div><div class=\"fusion-layout-column fusion_builder_column fusion-builder-column-4 fusion_builder_column_1_2 1_2 fusion-one-half fusion-column-last fusion-column-inner-bg-wrapper fusion-animated\" style=\"margin-top:0px;margin-bottom:0px;\" data-animationType=\"fadeInRight\" data-animationDuration=\"0.5\" data-animationOffset=\"100%\"><div class=\"fusion-column-wrapper fusion-flex-column-wrapper-legacy\" style=\"padding: 0px 0px 0px 0px;\" data-bg-url=\"https:\/\/hunterindustrialfan.eu\/wp-content\/uploads\/2021\/05\/inspired-design.jpeg\"><div class=\"fusion-column-content-centered\"><div class=\"fusion-column-content\"><\/div><\/div><div class=\"fusion-clearfix\"><\/div><\/div><span class=\"fusion-column-inner-bg hover-type-zoomin\"><a class=\"fusion-column-anchor\"><span class=\"fusion-column-inner-bg-image\" style=\"background-color:#1a1a1a;background-image: url(&#039;https:\/\/hunterindustrialfan.eu\/wp-content\/uploads\/2021\/05\/inspired-design.jpeg&#039;);background-position:center center;background-repeat:no-repeat;-webkit-background-size:cover;-moz-background-size:cover;-o-background-size:cover;background-size:cover;\"><\/span><\/a><\/span><\/div><\/div><\/div><div class=\"fusion-fullwidth fullwidth-box fusion-builder-row-4 hundred-percent-fullwidth non-hundred-percent-height-scrolling fusion-equal-height-columns\" style=\"background-color: rgba(255,255,255,0);background-position: left top;background-repeat: no-repeat;padding-top:0px;padding-right:0px;padding-bottom:0px;padding-left:0px;margin-bottom: 0px;margin-top: 0px;border-width: 0px 0px 0px 0px;border-color:#eae9e9;border-style:solid;\" ><div class=\"fusion-builder-row fusion-row\"><div class=\"fusion-layout-column fusion_builder_column fusion-builder-column-5 fusion_builder_column_1_2 1_2 fusion-one-half fusion-column-first fusion-column-inner-bg-wrapper fusion-animated\" style=\"margin-top:0px;margin-bottom:0px;\" data-animationType=\"fadeInRight\" data-animationDuration=\"0.5\" data-animationOffset=\"100%\"><div class=\"fusion-column-wrapper fusion-flex-column-wrapper-legacy\" style=\"padding: 0px 0px 0px 0px;\" data-bg-url=\"https:\/\/hunterindustrialfan.eu\/wp-content\/uploads\/2021\/05\/worry-and-wobbly-free.jpeg\"><div class=\"fusion-column-content-centered\"><div class=\"fusion-column-content\"><\/div><\/div><div class=\"fusion-clearfix\"><\/div><\/div><span class=\"fusion-column-inner-bg hover-type-zoomin\"><a class=\"fusion-column-anchor\"><span class=\"fusion-column-inner-bg-image\" style=\"background-color:#1a1a1a;background-image: url(&#039;https:\/\/hunterindustrialfan.eu\/wp-content\/uploads\/2021\/05\/worry-and-wobbly-free.jpeg&#039;);background-position:center center;background-repeat:no-repeat;-webkit-background-size:cover;-moz-background-size:cover;-o-background-size:cover;background-size:cover;\"><\/span><\/a><\/span><\/div><div class=\"fusion-layout-column fusion_builder_column fusion-builder-column-6 fusion_builder_column_1_2 1_2 fusion-one-half fusion-column-last\" style=\"margin-top:0px;margin-bottom:0px;\"><div class=\"fusion-column-wrapper fusion-flex-column-wrapper-legacy\" style=\"background-position:left top;background-repeat:no-repeat;-webkit-background-size:cover;-moz-background-size:cover;-o-background-size:cover;background-size:cover;background-color:#537f53;padding: 17% 17% 17% 17%;\"><div class=\"fusion-column-content-centered\"><div class=\"fusion-column-content\"><style type=\"text\/css\"><\/style><div class=\"fusion-title title fusion-title-4 fusion-title-text fusion-title-size-two\" style=\"margin-top:0px;margin-bottom:30px;\"><h2 class=\"title-heading-left\" style=\"margin:0;color:#ffffff;\">Sin preocupaciones ni tambaleos<\/h2><div class=\"title-sep-container\"><div class=\"title-sep sep-\" style=\"border-color:#e2e2e2;\"><\/div><\/div><\/div><div class=\"fusion-text fusion-text-3\" style=\"color:#ffffff;transform:translate3d(0,0,0);\"><p><span style=\"font-weight: 400;\">Los ventiladores de techo Hunter est\u00e1n dise\u00f1ados para ser tan fiables como silenciosos. Probamos, y probamos, y probamos cada dise\u00f1o un poco m\u00e1s. De hecho, realizamos m\u00e1s pruebas de calidad que cualquiera de nuestros competidores. Si est\u00e1 interesado en nuestro proceso de pruebas, vea nuestros v\u00eddeos. Ver\u00e1 c\u00f3mo probamos las condiciones meteorol\u00f3gicas, las vibraciones y mucho m\u00e1s.<\/span><\/p>\n<\/div><\/div><\/div><div class=\"fusion-clearfix\"><\/div><\/div><\/div><\/div><\/div><div class=\"fusion-fullwidth fullwidth-box fusion-builder-row-5 hundred-percent-fullwidth non-hundred-percent-height-scrolling fusion-equal-height-columns\" style=\"background-color: rgba(255,255,255,0);background-position: left top;background-repeat: no-repeat;padding-top:0px;padding-right:0px;padding-bottom:0px;padding-left:0px;margin-bottom: 0px;margin-top: 0px;border-width: 0px 0px 0px 0px;border-color:#eae9e9;border-style:solid;\" ><div class=\"fusion-builder-row fusion-row\"><div class=\"fusion-layout-column fusion_builder_column fusion-builder-column-7 fusion_builder_column_1_2 1_2 fusion-one-half fusion-column-first\" style=\"margin-top:0px;margin-bottom:0px;\"><div class=\"fusion-column-wrapper fusion-flex-column-wrapper-legacy\" style=\"background-position:left top;background-repeat:no-repeat;-webkit-background-size:cover;-moz-background-size:cover;-o-background-size:cover;background-size:cover;background-color:#537f53;padding: 17% 17% 17% 17%;\"><div class=\"fusion-column-content-centered\"><div class=\"fusion-column-content\"><style type=\"text\/css\"><\/style><div class=\"fusion-title title fusion-title-5 fusion-title-text fusion-title-size-two\" style=\"margin-top:0px;margin-bottom:30px;\"><h2 class=\"title-heading-left\" style=\"margin:0;color:#ffffff;\">Ventiladores de techo WeatherMax \u00ae<\/h2><div class=\"title-sep-container\"><div class=\"title-sep sep-\" style=\"border-color:#e2e2e2;\"><\/div><\/div><\/div><div class=\"fusion-text fusion-text-4\" style=\"color:#ffffff;transform:translate3d(0,0,0);\"><p>Los ventiladores WeatherMax\u00ae est\u00e1n dise\u00f1ados para resistir los elementos y tener un aspecto perfecto. Cuentan con una serie de tecnolog\u00edas e innovaciones para garantizar la longevidad en los espacios exteriores. Los ventiladores WeatherMax \u00ae son:<\/p>\n<ul>\n<li>Clasificados para la humedad<\/li>\n<li>Resistentes a la corrosi\u00f3n<\/li>\n<li>Resistente al aire salado<\/li>\n<li>Todos los ventiladores WeatherMax \u00ae cuentan con la garant\u00eda SureSpeed\u00ae de Hunter. Los ventiladores de techo con nuestra garant\u00eda SureSpeed est\u00e1n optimizados para funcionar a mayor velocidad que los principales competidores, proporcionando una refrigeraci\u00f3n de alta velocidad sin igual.<\/li>\n<\/ul>\n<\/div><\/div><\/div><div class=\"fusion-clearfix\"><\/div><\/div><\/div><div class=\"fusion-layout-column fusion_builder_column fusion-builder-column-8 fusion_builder_column_1_2 1_2 fusion-one-half fusion-column-last fusion-column-inner-bg-wrapper fusion-animated\" style=\"margin-top:0px;margin-bottom:0px;\" data-animationType=\"fadeInRight\" data-animationDuration=\"0.5\" data-animationOffset=\"100%\"><div class=\"fusion-column-wrapper fusion-flex-column-wrapper-legacy\" style=\"padding: 0px 0px 0px 0px;\" data-bg-url=\"https:\/\/hunterindustrialfan.eu\/wp-content\/uploads\/2021\/05\/WeatherMax-fans.jpeg\"><div class=\"fusion-column-content-centered\"><div class=\"fusion-column-content\"><\/div><\/div><div class=\"fusion-clearfix\"><\/div><\/div><span class=\"fusion-column-inner-bg hover-type-zoomin\"><a class=\"fusion-column-anchor\"><span class=\"fusion-column-inner-bg-image\" style=\"background-color:#1a1a1a;background-image: url(&#039;https:\/\/hunterindustrialfan.eu\/wp-content\/uploads\/2021\/05\/WeatherMax-fans.jpeg&#039;);background-position:center center;background-repeat:no-repeat;-webkit-background-size:cover;-moz-background-size:cover;-o-background-size:cover;background-size:cover;\"><\/span><\/a><\/span><\/div><\/div><\/div><div class=\"fusion-fullwidth fullwidth-box fusion-builder-row-6 nonhundred-percent-fullwidth non-hundred-percent-height-scrolling fusion-equal-height-columns\" style=\"background-color: #537f53;background-position: center center;background-repeat: no-repeat;padding-top:57px;padding-right:0px;padding-bottom:57px;padding-left:0px;margin-bottom: 0px;margin-top: 0px;border-width: 0px 0px 0px 0px;border-color:#eae9e9;border-style:solid;\" ><div class=\"fusion-builder-row fusion-row\"><div class=\"fusion-layout-column fusion_builder_column fusion-builder-column-9 fusion_builder_column_1_1 1_1 fusion-one-full fusion-column-first fusion-column-last fusion-column-inner-bg-wrapper\" style=\"margin-top:0px;margin-bottom:0px;\"><div class=\"fusion-column-wrapper fusion-flex-column-wrapper-legacy\" style=\"border-width: 5px 5px 5px 5px;border-color:#537f53;border-style:solid;padding: 30px 0px 30px 0px;\"><style type=\"text\/css\"><\/style><div class=\"fusion-title title fusion-title-6 fusion-title-center fusion-title-text fusion-title-size-three\" style=\"margin-top:0px;margin-bottom:0px;\"><div class=\"title-sep-container title-sep-container-left\"><div class=\"title-sep sep-\" style=\"border-color:#e2e2e2;\"><\/div><\/div><h3 class=\"title-heading-center\" style=\"margin:0;color:#ffffff;\"><span style=\"font-weight: 400;\">Donde comprar<\/span><\/h3><div class=\"title-sep-container title-sep-container-right\"><div class=\"title-sep sep-\" style=\"border-color:#e2e2e2;\"><\/div><\/div><\/div><div class=\"fusion-clearfix\"><\/div><\/div><span class=\"fusion-column-inner-bg hover-type-none\"><a href=\"http:\/\/hunterindustrialfan.eu\/es\/industrial-distribuidores-internacionales\/\"><span class=\"fusion-column-inner-bg-image\" style=\"background-color:#2f2f2f;background-position:left top;background-repeat:no-repeat;-webkit-background-size:cover;-moz-background-size:cover;-o-background-size:cover;background-size:cover;\"><\/span><\/a><\/span><\/div><\/div><\/div><\/p>\n","protected":false},"excerpt":{"rendered":"","protected":false},"author":1,"featured_media":0,"parent":3667,"menu_order":0,"comment_status":"closed","ping_status":"closed","template":"100-width.php","meta":[],"yoast_head":"<!-- This site is optimized with the Yoast SEO plugin v16.0.2 - https:\/\/yoast.com\/wordpress\/plugins\/seo\/ -->\n<title>Ventiladores de techo residenciales premium | Hunter Fan<\/title>\n<meta name=\"description\" content=\"Modernice el aspecto de su hogar o negocio con los mejores ventiladores de techo de Hunter que vienen en una impresionante variedad de caracter\u00edsticas\" \/>\n<link rel=\"canonical\" href=\"https:\/\/hunterindustrialfan.eu\/es\/industrial-productos\/residencial-ventiladores-de-techo\/\" \/>\n<meta property=\"og:locale\" content=\"es_ES\" \/>\n<meta property=\"og:type\" content=\"article\" \/>\n<meta property=\"og:title\" content=\"Ventiladores de techo residenciales premium | Hunter Fan\" \/>\n<meta property=\"og:description\" content=\"Modernice el aspecto de su hogar o negocio con los mejores ventiladores de techo de Hunter que vienen en una impresionante variedad de caracter\u00edsticas\" \/>\n<meta property=\"og:url\" content=\"https:\/\/hunterindustrialfan.eu\/es\/industrial-productos\/residencial-ventiladores-de-techo\/\" \/>\n<meta property=\"og:site_name\" content=\"Hunter Fan\" \/>\n<meta property=\"article:modified_time\" content=\"2021-12-21T23:43:25+00:00\" \/>\n<meta name=\"twitter:card\" content=\"summary_large_image\" \/>\n<meta name=\"twitter:label1\" content=\"Tiempo de lectura\">\n\t<meta name=\"twitter:data1\" content=\"29 minutos\">\n<script type=\"application\/ld+json\" class=\"yoast-schema-graph\">{\"@context\":\"https:\/\/schema.org\",\"@graph\":[{\"@type\":\"WebSite\",\"@id\":\"https:\/\/hunterindustrialfan.eu\/#website\",\"url\":\"https:\/\/hunterindustrialfan.eu\/\",\"name\":\"Hunter Fan\",\"description\":\"Ventiladores de Techo Industriales HVLS\",\"potentialAction\":[{\"@type\":\"SearchAction\",\"target\":\"https:\/\/hunterindustrialfan.eu\/?s={search_term_string}\",\"query-input\":\"required name=search_term_string\"}],\"inLanguage\":\"es\"},{\"@type\":\"WebPage\",\"@id\":\"https:\/\/hunterindustrialfan.eu\/es\/industrial-productos\/residencial-ventiladores-de-techo\/#webpage\",\"url\":\"https:\/\/hunterindustrialfan.eu\/es\/industrial-productos\/residencial-ventiladores-de-techo\/\",\"name\":\"Ventiladores de techo residenciales premium | Hunter Fan\",\"isPartOf\":{\"@id\":\"https:\/\/hunterindustrialfan.eu\/#website\"},\"datePublished\":\"2021-03-25T17:55:10+00:00\",\"dateModified\":\"2021-12-21T23:43:25+00:00\",\"description\":\"Modernice el aspecto de su hogar o negocio con los mejores ventiladores de techo de Hunter que vienen en una impresionante variedad de caracter\\u00edsticas\",\"breadcrumb\":{\"@id\":\"https:\/\/hunterindustrialfan.eu\/es\/industrial-productos\/residencial-ventiladores-de-techo\/#breadcrumb\"},\"inLanguage\":\"es\",\"potentialAction\":[{\"@type\":\"ReadAction\",\"target\":[\"https:\/\/hunterindustrialfan.eu\/es\/industrial-productos\/residencial-ventiladores-de-techo\/\"]}]},{\"@type\":\"BreadcrumbList\",\"@id\":\"https:\/\/hunterindustrialfan.eu\/es\/industrial-productos\/residencial-ventiladores-de-techo\/#breadcrumb\",\"itemListElement\":[{\"@type\":\"ListItem\",\"position\":1,\"item\":{\"@type\":\"WebPage\",\"@id\":\"https:\/\/hunterindustrialfan.eu\/es\/\",\"url\":\"https:\/\/hunterindustrialfan.eu\/es\/\",\"name\":\"Home\"}},{\"@type\":\"ListItem\",\"position\":2,\"item\":{\"@type\":\"WebPage\",\"@id\":\"https:\/\/hunterindustrialfan.eu\/es\/industrial-productos\/\",\"url\":\"https:\/\/hunterindustrialfan.eu\/es\/industrial-productos\/\",\"name\":\"Ventiladores de Techo Industriales Alto-Volumen\"}},{\"@type\":\"ListItem\",\"position\":3,\"item\":{\"@type\":\"WebPage\",\"@id\":\"https:\/\/hunterindustrialfan.eu\/es\/industrial-productos\/residencial-ventiladores-de-techo\/\",\"url\":\"https:\/\/hunterindustrialfan.eu\/es\/industrial-productos\/residencial-ventiladores-de-techo\/\",\"name\":\"Ventiladores de techo residenciales premium\"}}]}]}<\/script>\n<!-- \/ Yoast SEO plugin. -->","_links":{"self":[{"href":"https:\/\/hunterindustrialfan.eu\/es\/wp-json\/wp\/v2\/pages\/3858"}],"collection":[{"href":"https:\/\/hunterindustrialfan.eu\/es\/wp-json\/wp\/v2\/pages"}],"about":[{"href":"https:\/\/hunterindustrialfan.eu\/es\/wp-json\/wp\/v2\/types\/page"}],"author":[{"embeddable":true,"href":"https:\/\/hunterindustrialfan.eu\/es\/wp-json\/wp\/v2\/users\/1"}],"replies":[{"embeddable":true,"href":"https:\/\/hunterindustrialfan.eu\/es\/wp-json\/wp\/v2\/comments?post=3858"}],"version-history":[{"count":4,"href":"https:\/\/hunterindustrialfan.eu\/es\/wp-json\/wp\/v2\/pages\/3858\/revisions"}],"predecessor-version":[{"id":4437,"href":"https:\/\/hunterindustrialfan.eu\/es\/wp-json\/wp\/v2\/pages\/3858\/revisions\/4437"}],"up":[{"embeddable":true,"href":"https:\/\/hunterindustrialfan.eu\/es\/wp-json\/wp\/v2\/pages\/3667"}],"wp:attachment":[{"href":"https:\/\/hunterindustrialfan.eu\/es\/wp-json\/wp\/v2\/media?parent=3858"}],"curies":[{"name":"wp","href":"https:\/\/api.w.org\/{rel}","templated":true}]}}