{"id":6208,"date":"2022-03-18T21:18:00","date_gmt":"2022-03-18T21:18:00","guid":{"rendered":"https:\/\/hunterindustrialfan.eu\/hvls-fan-controls\/"},"modified":"2022-03-24T23:39:22","modified_gmt":"2022-03-24T23:39:22","slug":"hvls-ventilatoren-controller","status":"publish","type":"page","link":"https:\/\/hunterindustrialfan.eu\/de\/hvls-ventilatoren-controller\/","title":{"rendered":"HVLS-Ventilatoren-Controller"},"content":{"rendered":"<p><div class=\"fusion-fullwidth fullwidth-box fusion-builder-row-1 nonhundred-percent-fullwidth non-hundred-percent-height-scrolling\" style=\"background-color: rgba(0,0,0,0.54);background-position: center top;background-repeat: no-repeat;background-blend-mode: overlay;padding-top:50px;padding-right:15%;padding-bottom:35px;padding-left:15%;margin-bottom: 0px;margin-top: 0px;border-width: 0px 0px 0px 0px;border-color:#eae9e9;border-style:solid;\" ><div class=\"fusion-builder-row fusion-row\"><div class=\"fusion-layout-column fusion_builder_column fusion-builder-column-0 fusion_builder_column_1_1 1_1 fusion-one-full fusion-column-first fusion-column-last fusion-column-no-min-height\" style=\"margin-top:0px;margin-bottom:0px;\"><div class=\"fusion-column-wrapper fusion-flex-column-wrapper-legacy\" style=\"background-position:left top;background-repeat:no-repeat;-webkit-background-size:cover;-moz-background-size:cover;-o-background-size:cover;background-size:cover;padding: 0px 0px 14px 0px;\"><div class=\"fusion-text fusion-text-1\" style=\"transform:translate3d(0,0,0);\"><p style=\"text-align: center;\"><span style=\"color: #ffffff;\">Unser Hunter Industrial-Team m\u00f6chte sicherstellen, dass Sie sich nach der Installation unserer Ventilatoren auf andere wichtige Dinge in Ihrem Unternehmen konzentrieren k\u00f6nnen. Unsere neuen netzwerkf\u00e4higen Controller bieten die M\u00f6glichkeit, die Laufzeit, Geschwindigkeit und sogar die Richtung eines einzelnen Ventilators oder ganzer Zonen mit bis zu 30 Ventilatoren zu planen. Benutzerfreundlicher Plug-and-Play-Anschluss. Neue Steuerelemente informieren den Benutzer \u00fcber spezifische Probleme, die auftreten k\u00f6nnen, und erm\u00f6glichen die R\u00fcckstellung direkt vom Controller aus &#8211; es ist nicht mehr notwendig, auf den Antrieb zuzugreifen, um grundlegende Einstellungen vorzunehmen.<\/span><\/p>\n<\/div><div class=\"fusion-clearfix\"><\/div><\/div><\/div><\/div><\/div><div class=\"fusion-fullwidth fullwidth-box fusion-builder-row-2 hundred-percent-fullwidth non-hundred-percent-height-scrolling fusion-equal-height-columns\" style=\"background-color: rgba(255,255,255,0);background-position: left top;background-repeat: no-repeat;padding-top:0px;padding-right:0px;padding-bottom:0px;padding-left:0px;margin-bottom: 0px;margin-top: 0px;border-width: 0px 0px 0px 0px;border-color:#eae9e9;border-style:solid;\" ><div class=\"fusion-builder-row fusion-row\"><div class=\"fusion-layout-column fusion_builder_column fusion-builder-column-1 fusion_builder_column_1_2 1_2 fusion-one-half fusion-column-first fusion-column-inner-bg-wrapper fusion-animated\" style=\"margin-top:0px;margin-bottom:0px;\" data-animationType=\"fadeInRight\" data-animationDuration=\"0.5\" data-animationOffset=\"100%\"><div class=\"fusion-column-wrapper fusion-flex-column-wrapper-legacy\" style=\"padding: 0px 0px 0px 0px;\" data-bg-url=\"https:\/\/hunterindustrialfan.eu\/wp-content\/uploads\/2021\/05\/350-series-2-scaled-1.jpeg\"><div class=\"fusion-column-content-centered\"><div class=\"fusion-column-content\"><\/div><\/div><div class=\"fusion-clearfix\"><\/div><\/div><span class=\"fusion-column-inner-bg hover-type-zoomin\"><a class=\"fusion-column-anchor\"><span class=\"fusion-column-inner-bg-image\" style=\"background-color:#1a1a1a;background-image: url(&#039;https:\/\/hunterindustrialfan.eu\/wp-content\/uploads\/2021\/05\/350-series-2-scaled-1.jpeg&#039;);background-position:center top;background-repeat:no-repeat;-webkit-background-size:cover;-moz-background-size:cover;-o-background-size:cover;background-size:cover;\"><\/span><\/a><\/span><\/div><div class=\"fusion-layout-column fusion_builder_column fusion-builder-column-2 fusion_builder_column_1_2 1_2 fusion-one-half fusion-column-last\" style=\"margin-top:0px;margin-bottom:0px;\"><div class=\"fusion-column-wrapper fusion-flex-column-wrapper-legacy\" style=\"background-position:left top;background-repeat:no-repeat;-webkit-background-size:cover;-moz-background-size:cover;-o-background-size:cover;background-size:cover;padding: 17% 17% 17% 17%;\"><div class=\"fusion-column-content-centered\"><div class=\"fusion-column-content\"><style type=\"text\/css\"><\/style><div class=\"fusion-title title fusion-title-1 fusion-title-text fusion-title-size-two\" style=\"margin-top:0px;margin-bottom:30px;\"><h2 class=\"title-heading-left\" style=\"margin:0;\">Controller Typ 350<\/h2><div class=\"title-sep-container\"><div class=\"title-sep sep-\" style=\"border-color:#e2e2e2;\"><\/div><\/div><\/div><div class=\"fusion-text fusion-text-2\" style=\"transform:translate3d(0,0,0);\"><p>Der Controller des Hunter Ventilators der Serie 350 ist eine einfache und unkomplizierte M\u00f6glichkeit, den Komfortlevel in Ihrer Einrichtung \u00fcber das Ethernet zu steuern. Es ist keine zus\u00e4tzliche Stromversorgung erforderlich, da dieser Controller direkt vom Frequenzumrichter (VFD) mit Strom versorgt wird.<br \/>\nVerwalten Sie alle grundlegenden Ventilatorfunktionen \u00fcber den digitalen 3,5-Zoll-Touchscreen. Der Controller ist netzwerkf\u00e4hig und erm\u00f6glicht die einfache Verkettung von bis zu 10 L\u00fcftern. Ausgestattet mit einem N\u00e4herungssensor, der den Controller f\u00fcr eine l\u00e4ngere Lebensdauer \u201eaufweckt\u201c.<\/p>\n<ul>\n<li>Einfache, intuitive Benutzeroberfl\u00e4che f\u00fcr die grundlegende L\u00fcftersteuerung<\/li>\n<li>Benachrichtigung \u00fcber Ventilatorenausfall auf dem Bildschirm<\/li>\n<li>Schnelle Installation, keine zus\u00e4tzliche Stromversorgung erforderlich<\/li>\n<\/ul>\n<\/div><\/div><\/div><div class=\"fusion-clearfix\"><\/div><\/div><\/div><\/div><\/div><div class=\"fusion-fullwidth fullwidth-box fusion-builder-row-3 hundred-percent-fullwidth non-hundred-percent-height-scrolling fusion-equal-height-columns\" style=\"background-color: rgba(255,255,255,0);background-position: left top;background-repeat: no-repeat;padding-top:0px;padding-right:0px;padding-bottom:0px;padding-left:0px;margin-bottom: 0px;margin-top: 0px;border-width: 0px 0px 0px 0px;border-color:#eae9e9;border-style:solid;\" ><div class=\"fusion-builder-row fusion-row\"><div class=\"fusion-layout-column fusion_builder_column fusion-builder-column-3 fusion_builder_column_1_2 1_2 fusion-one-half fusion-column-first\" style=\"margin-top:0px;margin-bottom:0px;\"><div class=\"fusion-column-wrapper fusion-flex-column-wrapper-legacy\" style=\"background-position:left top;background-repeat:no-repeat;-webkit-background-size:cover;-moz-background-size:cover;-o-background-size:cover;background-size:cover;padding: 17% 17% 17% 17%;\"><div class=\"fusion-column-content-centered\"><div class=\"fusion-column-content\"><style type=\"text\/css\"><\/style><div class=\"fusion-title title fusion-title-2 fusion-title-text fusion-title-size-two\" style=\"margin-top:0px;margin-bottom:30px;\"><h2 class=\"title-heading-left\" style=\"margin:0;\">Controller Typ 500<\/h2><div class=\"title-sep-container\"><div class=\"title-sep sep-\" style=\"border-color:#e2e2e2;\"><\/div><\/div><\/div><div class=\"fusion-text fusion-text-3\" style=\"transform:translate3d(0,0,0);\"><p>Der Controller der Serie 500 bietet den Benutzern die M\u00f6glichkeiten, die sie ben\u00f6tigen, um das Beste aus ihren L\u00fcftern herauszuholen. Es bietet eine erweiterte Steuerung f\u00fcr bis zu 30 L\u00fcfter \u00fcber Ethernet, einschlie\u00dflich der Stromversorgung des Controllers.<br \/>\nEinfache Steuerung der einzelnen Ventilatoren \u00fcber ein 5&#8243;-LED-Touchscreen-Display mit grafischer Darstellung der Ventilatorgeschwindigkeit und -richtung. Der Controller erm\u00f6glicht die Planung und Erstellung von L\u00fcfterzonen zur einfachen Steuerung sowie die Anzeige von Fehlerinformationen zur einfachen Behebung von Problemen.<\/p>\n<ul>\n<li>Einfache, intuitive Benutzeroberfl\u00e4che zur Steuerung von bis zu 30 Ventilatoren<\/li>\n<li>Passwortschutz f\u00fcr die Planung, Gruppierung und Benennung von Ventilatoren<\/li>\n<li>Integration mit dem BMS-System<\/li>\n<li>Ventilatorendiagnose direkt auf dem Bildschirm<\/li>\n<li>Schnelle Installation, keine zus\u00e4tzliche Stromversorgung erforderlich<\/li>\n<\/ul>\n<\/div><\/div><\/div><div class=\"fusion-clearfix\"><\/div><\/div><\/div><div class=\"fusion-layout-column fusion_builder_column fusion-builder-column-4 fusion_builder_column_1_2 1_2 fusion-one-half fusion-column-last fusion-column-inner-bg-wrapper fusion-animated\" style=\"margin-top:0px;margin-bottom:0px;\" data-animationType=\"fadeInRight\" data-animationDuration=\"0.5\" data-animationOffset=\"100%\"><div class=\"fusion-column-wrapper fusion-flex-column-wrapper-legacy\" style=\"padding: 0px 0px 0px 0px;\" data-bg-url=\"https:\/\/hunterindustrialfan.eu\/wp-content\/uploads\/2021\/05\/500-series-sin-cable-scaled-1.jpeg\"><div class=\"fusion-column-content-centered\"><div class=\"fusion-column-content\"><\/div><\/div><div class=\"fusion-clearfix\"><\/div><\/div><span class=\"fusion-column-inner-bg hover-type-zoomin\"><a class=\"fusion-column-anchor\"><span class=\"fusion-column-inner-bg-image\" style=\"background-color:#1a1a1a;background-image: url(&#039;https:\/\/hunterindustrialfan.eu\/wp-content\/uploads\/2021\/05\/500-series-sin-cable-scaled-1.jpeg&#039;);background-position:center top;background-repeat:no-repeat;-webkit-background-size:cover;-moz-background-size:cover;-o-background-size:cover;background-size:cover;\"><\/span><\/a><\/span><\/div><\/div><\/div><div class=\"fusion-fullwidth fullwidth-box fusion-builder-row-4 hundred-percent-fullwidth non-hundred-percent-height-scrolling fusion-equal-height-columns\" style=\"background-color: rgba(255,255,255,0);background-position: left top;background-repeat: no-repeat;padding-top:0px;padding-right:0px;padding-bottom:0px;padding-left:0px;margin-bottom: 0px;margin-top: 0px;border-width: 0px 0px 0px 0px;border-color:#eae9e9;border-style:solid;\" ><div class=\"fusion-builder-row fusion-row\"><div class=\"fusion-layout-column fusion_builder_column fusion-builder-column-5 fusion_builder_column_1_2 1_2 fusion-one-half fusion-column-first fusion-column-inner-bg-wrapper fusion-animated\" style=\"margin-top:0px;margin-bottom:0px;\" data-animationType=\"fadeInRight\" data-animationDuration=\"0.5\" data-animationOffset=\"100%\"><div class=\"fusion-column-wrapper fusion-flex-column-wrapper-legacy\" style=\"padding: 0px 0px 0px 0px;\" data-bg-url=\"https:\/\/hunterindustrialfan.eu\/wp-content\/uploads\/2021\/05\/700-series-2-scaled-1.jpeg\"><div class=\"fusion-column-content-centered\"><div class=\"fusion-column-content\"><\/div><\/div><div class=\"fusion-clearfix\"><\/div><\/div><span class=\"fusion-column-inner-bg hover-type-zoomin\"><a class=\"fusion-column-anchor\"><span class=\"fusion-column-inner-bg-image\" style=\"background-color:#1a1a1a;background-image: url(&#039;https:\/\/hunterindustrialfan.eu\/wp-content\/uploads\/2021\/05\/700-series-2-scaled-1.jpeg&#039;);background-position:center top;background-repeat:no-repeat;-webkit-background-size:cover;-moz-background-size:cover;-o-background-size:cover;background-size:cover;\"><\/span><\/a><\/span><\/div><div class=\"fusion-layout-column fusion_builder_column fusion-builder-column-6 fusion_builder_column_1_2 1_2 fusion-one-half fusion-column-last\" style=\"margin-top:0px;margin-bottom:0px;\"><div class=\"fusion-column-wrapper fusion-flex-column-wrapper-legacy\" style=\"background-position:left top;background-repeat:no-repeat;-webkit-background-size:cover;-moz-background-size:cover;-o-background-size:cover;background-size:cover;padding: 17% 17% 17% 17%;\"><div class=\"fusion-column-content-centered\"><div class=\"fusion-column-content\"><style type=\"text\/css\"><\/style><div class=\"fusion-title title fusion-title-3 fusion-title-text fusion-title-size-two\" style=\"margin-top:0px;margin-bottom:30px;\"><h2 class=\"title-heading-left\" style=\"margin:0;\">700E-Serie: Umweltkontrollpaket.<\/h2><div class=\"title-sep-container\"><div class=\"title-sep sep-\" style=\"border-color:#e2e2e2;\"><\/div><\/div><\/div><div class=\"fusion-text fusion-text-4\" style=\"transform:translate3d(0,0,0);\"><p><span style=\"font-weight: 400;\">Nutzen Sie das ganze Jahr \u00fcber die Vorteile der Hunter HVLS-Ventilatoren. Der Controller der Serie 700E von Hunter sorgt f\u00fcr ein angenehmes Raumklima und einen optimalen Betrieb der Ventilatoren, wobei die Raumbedingungen als Richtschnur dienen. Der 700E-Controller kann bis zu 30 Ventilatoren steuern und dabei sowohl Temperatur- als auch Luftfeuchtigkeitswerte ber\u00fccksichtigen, um den Einsatz der HVLS-Ventilatoren in der Anlage zu maximieren.<\/span><br \/>\n<span style=\"font-weight: 400;\">Der Sommermodus, der f\u00fcr w\u00e4rmere Jahreszeiten entwickelt wurde, sorgt f\u00fcr ein angenehmes Raumklima, indem er die L\u00fcftergeschwindigkeit automatisch anpasst, um den f\u00fcr die Aufrechterhaltung einer hohen Effizienz wichtigen K\u00fchleffekt zu erzielen. Auf Knopfdruck schalten die Ventilatoren in den Wintermodus, um in der kalten Jahreszeit eine optimale Entfeuchtung zu gew\u00e4hrleisten. Der 700E verf\u00fcgt \u00fcber einen 7-Zoll-Touchscreen, \u00fcber den die Ventilatoren auch einzeln oder in Gruppen bedient werden k\u00f6nnen, wobei auch Funktionen wie Zeitplanung und Fehlerbehebung m\u00f6glich sind. Die Installation des 700E und der Sensoren erfolgt schnell und einfach \u00fcber Ethernet-Kabel zwischen allen Komponenten, und es werden keine zus\u00e4tzlichen Stromquellen ben\u00f6tigt.<\/span><\/p>\n<ul>\n<li><span style=\"font-weight: 400;\">Die effizienteste Art, Ventilatoren zu steuern<\/span><\/li>\n<li><span style=\"font-weight: 400;\">Automatische Konfiguration<\/span><\/li>\n<li><span style=\"font-weight: 400;\">Schnelle Installation, keine zus\u00e4tzliche Stromversorgung erforderlich<\/span><\/li>\n<li><span style=\"font-weight: 400;\">Wechsel der Betriebsart des Ventilators (Sommer\/Winter) per Tastendruck<\/span><\/li>\n<\/ul>\n<p><span style=\"font-weight: 400;\">Die 700E-Serie umfasst: 7&#8243;-LED-Bildschirm, 2 Temperatur- und Luftfeuchtigkeitssensoren sowie ein Netzwerk-Hub (HUB) und CAT5-Kabel.<\/span><\/p>\n<\/div><\/div><\/div><div class=\"fusion-clearfix\"><\/div><\/div><\/div><\/div><\/div><div class=\"fusion-fullwidth fullwidth-box fusion-builder-row-5 hundred-percent-fullwidth non-hundred-percent-height-scrolling fusion-equal-height-columns\" style=\"background-color: rgba(255,255,255,0);background-position: left top;background-repeat: no-repeat;padding-top:0px;padding-right:0px;padding-bottom:0px;padding-left:0px;margin-bottom: 0px;margin-top: 0px;border-width: 0px 0px 0px 0px;border-color:#eae9e9;border-style:solid;\" ><div class=\"fusion-builder-row fusion-row\"><div class=\"fusion-layout-column fusion_builder_column fusion-builder-column-7 fusion_builder_column_1_2 1_2 fusion-one-half fusion-column-first\" style=\"margin-top:0px;margin-bottom:0px;\"><div class=\"fusion-column-wrapper fusion-flex-column-wrapper-legacy\" style=\"background-position:left top;background-repeat:no-repeat;-webkit-background-size:cover;-moz-background-size:cover;-o-background-size:cover;background-size:cover;padding: 17% 17% 17% 17%;\"><div class=\"fusion-column-content-centered\"><div class=\"fusion-column-content\"><style type=\"text\/css\"><\/style><div class=\"fusion-title title fusion-title-4 fusion-title-text fusion-title-size-two\" style=\"margin-top:0px;margin-bottom:30px;\"><h2 class=\"title-heading-left\" style=\"margin:0;\">BMS-Integration<\/h2><div class=\"title-sep-container\"><div class=\"title-sep sep-\" style=\"border-color:#e2e2e2;\"><\/div><\/div><\/div><div class=\"fusion-text fusion-text-5\" style=\"transform:translate3d(0,0,0);\"><p>Einfache Anbindung der Ventilatoren an ein Geb\u00e4udemanagementsystem. Erm\u00f6glicht die Fern\u00fcberwachung, -steuerung und -visualisierung des Ventilatorennetzes.<\/p>\n<ul>\n<li>\u00dcber den Eingang kann das Ventilatorennetz sowohl mit dem BAS\/BMS-System als auch mit dem lokalen HMI-Controller kommunizieren.<\/li>\n<li>Unterst\u00fctzt BACnet MS\/TP und BACnet\/IP<\/li>\n<li>1 Eingang pro Netzwerk (unterst\u00fctzt bis zu 30 Ventilatoren)<\/li>\n<li>Controller-Konfiguration \u00fcber Web-Interface<\/li>\n<\/ul>\n<\/div><\/div><\/div><div class=\"fusion-clearfix\"><\/div><\/div><\/div><div class=\"fusion-layout-column fusion_builder_column fusion-builder-column-8 fusion_builder_column_1_2 1_2 fusion-one-half fusion-column-last fusion-column-inner-bg-wrapper fusion-animated\" style=\"margin-top:0px;margin-bottom:0px;\" data-animationType=\"fadeInRight\" data-animationDuration=\"0.5\" data-animationOffset=\"100%\"><div class=\"fusion-column-wrapper fusion-flex-column-wrapper-legacy\" style=\"padding: 0px 0px 0px 0px;\" data-bg-url=\"https:\/\/hunterindustrialfan.eu\/wp-content\/uploads\/2021\/05\/bacnet-hunter-scaled-1.jpeg\"><div class=\"fusion-column-content-centered\"><div class=\"fusion-column-content\"><\/div><\/div><div class=\"fusion-clearfix\"><\/div><\/div><span class=\"fusion-column-inner-bg hover-type-zoomin\"><a class=\"fusion-column-anchor\"><span class=\"fusion-column-inner-bg-image\" style=\"background-color:#1a1a1a;background-image: url(&#039;https:\/\/hunterindustrialfan.eu\/wp-content\/uploads\/2021\/05\/bacnet-hunter-scaled-1.jpeg&#039;);background-position:center top;background-repeat:no-repeat;-webkit-background-size:cover;-moz-background-size:cover;-o-background-size:cover;background-size:cover;\"><\/span><\/a><\/span><\/div><\/div><\/div><div class=\"fusion-fullwidth fullwidth-box fusion-builder-row-6 nonhundred-percent-fullwidth non-hundred-percent-height-scrolling fusion-equal-height-columns\" style=\"background-color: #537f53;background-position: center center;background-repeat: no-repeat;padding-top:57px;padding-right:0px;padding-bottom:57px;padding-left:0px;margin-bottom: 0px;margin-top: 0px;border-width: 0px 0px 0px 0px;border-color:#eae9e9;border-style:solid;\" ><div class=\"fusion-builder-row fusion-row\"><div class=\"fusion-layout-column fusion_builder_column fusion-builder-column-9 fusion_builder_column_1_1 1_1 fusion-one-full fusion-column-first fusion-column-last fusion-column-inner-bg-wrapper\" style=\"margin-top:0px;margin-bottom:0px;\"><div class=\"fusion-column-wrapper fusion-flex-column-wrapper-legacy\" style=\"border-width: 5px 5px 5px 5px;border-color:#537f53;border-style:solid;padding: 30px 0px 30px 0px;\"><style type=\"text\/css\"><\/style><div class=\"fusion-title title fusion-title-5 fusion-title-center fusion-title-text fusion-title-size-three\" style=\"margin-top:0px;margin-bottom:0px;\"><div class=\"title-sep-container title-sep-container-left\"><div class=\"title-sep sep-\" style=\"border-color:#e2e2e2;\"><\/div><\/div><h3 class=\"title-heading-center\" style=\"margin:0;color:#ffffff;\"><span style=\"font-weight: 400;\">Kontakt<\/span><\/h3><div class=\"title-sep-container title-sep-container-right\"><div class=\"title-sep sep-\" style=\"border-color:#e2e2e2;\"><\/div><\/div><\/div><div class=\"fusion-clearfix\"><\/div><\/div><span class=\"fusion-column-inner-bg hover-type-none\"><a href=\"https:\/\/hunterindustrialfan.eu\/de\/unterstuetzung-fuer-die-industrie\/\"><span class=\"fusion-column-inner-bg-image\" style=\"background-color:#2f2f2f;background-position:left top;background-repeat:no-repeat;-webkit-background-size:cover;-moz-background-size:cover;-o-background-size:cover;background-size:cover;\"><\/span><\/a><\/span><\/div><\/div><\/div><\/p>\n","protected":false},"excerpt":{"rendered":"","protected":false},"author":1,"featured_media":0,"parent":0,"menu_order":0,"comment_status":"closed","ping_status":"closed","template":"100-width.php","meta":[],"yoast_head":"<!-- This site is optimized with the Yoast SEO plugin v16.0.2 - https:\/\/yoast.com\/wordpress\/plugins\/seo\/ -->\n<title>HVLS-Ventilatoren-Controller | Hunter Industrial Fan | Hunter Fan<\/title>\n<meta name=\"description\" content=\"Unser Hunter Industrial-Team m\u00f6chte sicherstellen, dass Sie sich nach der Installation unserer Ventilatoren auf andere wichtige Dinge in Ihrem Unternehmen konzentrieren k\u00f6nnen.\" \/>\n<link rel=\"canonical\" href=\"https:\/\/hunterindustrialfan.eu\/de\/hvls-ventilatoren-controller\/\" \/>\n<meta property=\"og:locale\" content=\"de_DE\" \/>\n<meta property=\"og:type\" content=\"article\" \/>\n<meta property=\"og:title\" content=\"HVLS-Ventilatoren-Controller | Hunter Industrial Fan | Hunter Fan\" \/>\n<meta property=\"og:description\" content=\"Unser Hunter Industrial-Team m\u00f6chte sicherstellen, dass Sie sich nach der Installation unserer Ventilatoren auf andere wichtige Dinge in Ihrem Unternehmen konzentrieren k\u00f6nnen.\" \/>\n<meta property=\"og:url\" content=\"https:\/\/hunterindustrialfan.eu\/de\/hvls-ventilatoren-controller\/\" \/>\n<meta property=\"og:site_name\" content=\"Hunter Fan\" \/>\n<meta property=\"article:modified_time\" content=\"2022-03-24T23:39:22+00:00\" \/>\n<meta name=\"twitter:card\" content=\"summary_large_image\" \/>\n<meta name=\"twitter:label1\" content=\"Gesch\u00e4tzte Lesezeit\">\n\t<meta name=\"twitter:data1\" content=\"30\u00a0Minuten\">\n<script type=\"application\/ld+json\" class=\"yoast-schema-graph\">{\"@context\":\"https:\/\/schema.org\",\"@graph\":[{\"@type\":\"WebSite\",\"@id\":\"https:\/\/hunterindustrialfan.eu\/#website\",\"url\":\"https:\/\/hunterindustrialfan.eu\/\",\"name\":\"Hunter Fan\",\"description\":\"HVLS Industrial Ceiling Fans\",\"potentialAction\":[{\"@type\":\"SearchAction\",\"target\":\"https:\/\/hunterindustrialfan.eu\/?s={search_term_string}\",\"query-input\":\"required name=search_term_string\"}],\"inLanguage\":\"de\"},{\"@type\":\"WebPage\",\"@id\":\"https:\/\/hunterindustrialfan.eu\/de\/hvls-ventilatoren-controller\/#webpage\",\"url\":\"https:\/\/hunterindustrialfan.eu\/de\/hvls-ventilatoren-controller\/\",\"name\":\"HVLS-Ventilatoren-Controller | Hunter Industrial Fan | Hunter Fan\",\"isPartOf\":{\"@id\":\"https:\/\/hunterindustrialfan.eu\/#website\"},\"datePublished\":\"2022-03-18T21:18:00+00:00\",\"dateModified\":\"2022-03-24T23:39:22+00:00\",\"description\":\"Unser Hunter Industrial-Team m\\u00f6chte sicherstellen, dass Sie sich nach der Installation unserer Ventilatoren auf andere wichtige Dinge in Ihrem Unternehmen konzentrieren k\\u00f6nnen.\",\"breadcrumb\":{\"@id\":\"https:\/\/hunterindustrialfan.eu\/de\/hvls-ventilatoren-controller\/#breadcrumb\"},\"inLanguage\":\"de\",\"potentialAction\":[{\"@type\":\"ReadAction\",\"target\":[\"https:\/\/hunterindustrialfan.eu\/de\/hvls-ventilatoren-controller\/\"]}]},{\"@type\":\"BreadcrumbList\",\"@id\":\"https:\/\/hunterindustrialfan.eu\/de\/hvls-ventilatoren-controller\/#breadcrumb\",\"itemListElement\":[{\"@type\":\"ListItem\",\"position\":1,\"item\":{\"@type\":\"WebPage\",\"@id\":\"https:\/\/hunterindustrialfan.eu\/de\/\",\"url\":\"https:\/\/hunterindustrialfan.eu\/de\/\",\"name\":\"Home\"}},{\"@type\":\"ListItem\",\"position\":2,\"item\":{\"@type\":\"WebPage\",\"@id\":\"https:\/\/hunterindustrialfan.eu\/de\/hvls-ventilatoren-controller\/\",\"url\":\"https:\/\/hunterindustrialfan.eu\/de\/hvls-ventilatoren-controller\/\",\"name\":\"HVLS-Ventilatoren-Controller\"}}]}]}<\/script>\n<!-- \/ Yoast SEO plugin. -->","_links":{"self":[{"href":"https:\/\/hunterindustrialfan.eu\/de\/wp-json\/wp\/v2\/pages\/6208"}],"collection":[{"href":"https:\/\/hunterindustrialfan.eu\/de\/wp-json\/wp\/v2\/pages"}],"about":[{"href":"https:\/\/hunterindustrialfan.eu\/de\/wp-json\/wp\/v2\/types\/page"}],"author":[{"embeddable":true,"href":"https:\/\/hunterindustrialfan.eu\/de\/wp-json\/wp\/v2\/users\/1"}],"replies":[{"embeddable":true,"href":"https:\/\/hunterindustrialfan.eu\/de\/wp-json\/wp\/v2\/comments?post=6208"}],"version-history":[{"count":6,"href":"https:\/\/hunterindustrialfan.eu\/de\/wp-json\/wp\/v2\/pages\/6208\/revisions"}],"predecessor-version":[{"id":6559,"href":"https:\/\/hunterindustrialfan.eu\/de\/wp-json\/wp\/v2\/pages\/6208\/revisions\/6559"}],"wp:attachment":[{"href":"https:\/\/hunterindustrialfan.eu\/de\/wp-json\/wp\/v2\/media?parent=6208"}],"curies":[{"name":"wp","href":"https:\/\/api.w.org\/{rel}","templated":true}]}}