{"id":5938,"date":"2022-03-18T21:02:59","date_gmt":"2022-03-18T21:02:59","guid":{"rendered":"https:\/\/hunterindustrialfan.eu\/high-volume-industrial-ceiling-fans\/premium-residential-ceiling-fans\/"},"modified":"2022-03-24T23:39:41","modified_gmt":"2022-03-24T23:39:41","slug":"deckenventilatoren-fuer-haushalte","status":"publish","type":"page","link":"https:\/\/hunterindustrialfan.eu\/de\/industrieprodukte\/deckenventilatoren-fuer-haushalte\/","title":{"rendered":"Hochwertige Premium-Deckenventilatoren f\u00fcr Wohngeb\u00e4ude"},"content":{"rendered":"<p><div class=\"fusion-fullwidth fullwidth-box fusion-builder-row-1 nonhundred-percent-fullwidth non-hundred-percent-height-scrolling\" style=\"background-color: rgba(0,0,0,0.54);background-position: center top;background-repeat: no-repeat;background-blend-mode: overlay;padding-top:50px;padding-right:15%;padding-bottom:35px;padding-left:15%;margin-bottom: 0px;margin-top: 0px;border-width: 0px 0px 0px 0px;border-color:#eae9e9;border-style:solid;\" ><div class=\"fusion-builder-row fusion-row\"><div class=\"fusion-layout-column fusion_builder_column fusion-builder-column-0 fusion_builder_column_1_1 1_1 fusion-one-full fusion-column-first fusion-column-last fusion-column-no-min-height\" style=\"margin-top:0px;margin-bottom:0px;\"><div class=\"fusion-column-wrapper fusion-flex-column-wrapper-legacy\" style=\"background-position:left top;background-repeat:no-repeat;-webkit-background-size:cover;-moz-background-size:cover;-o-background-size:cover;background-size:cover;padding: 0px 0px 0px 0px;\"><style type=\"text\/css\"><\/style><div class=\"fusion-title title fusion-title-1 fusion-title-center fusion-title-text fusion-title-size-one\" style=\"font-size:28px;margin-top:0px;margin-bottom:30px;\"><div class=\"title-sep-container title-sep-container-left\"><div class=\"title-sep sep-\" style=\"border-color:#e2e2e2;\"><\/div><\/div><h1 class=\"title-heading-center\" style=\"margin:0;font-size:1em;color:#ffffff;\">Finden Sie den perfekten Ventilator f\u00fcr Ihr Zuhause<\/h1><div class=\"title-sep-container title-sep-container-right\"><div class=\"title-sep sep-\" style=\"border-color:#e2e2e2;\"><\/div><\/div><\/div><div class=\"fusion-clearfix\"><\/div><\/div><\/div><\/div><\/div><div class=\"fusion-fullwidth fullwidth-box fusion-builder-row-2 hundred-percent-fullwidth non-hundred-percent-height-scrolling fusion-equal-height-columns\" style=\"background-color: rgba(255,255,255,0);background-position: left top;background-repeat: no-repeat;padding-top:0px;padding-right:0px;padding-bottom:0px;padding-left:0px;margin-bottom: 0px;margin-top: 0px;border-width: 0px 0px 0px 0px;border-color:#eae9e9;border-style:solid;\" ><div class=\"fusion-builder-row fusion-row\"><div class=\"fusion-layout-column fusion_builder_column fusion-builder-column-1 fusion_builder_column_1_2 1_2 fusion-one-half fusion-column-first fusion-column-inner-bg-wrapper fusion-animated\" style=\"margin-top:0px;margin-bottom:0px;\" data-animationType=\"fadeInRight\" data-animationDuration=\"0.5\" data-animationOffset=\"100%\"><div class=\"fusion-column-wrapper fusion-flex-column-wrapper-legacy\" style=\"padding: 0px 0px 0px 0px;\" data-bg-url=\"https:\/\/hunterindustrialfan.eu\/wp-content\/uploads\/2021\/05\/fans-for-home.jpeg\"><div class=\"fusion-column-content-centered\"><div class=\"fusion-column-content\"><\/div><\/div><div class=\"fusion-clearfix\"><\/div><\/div><span class=\"fusion-column-inner-bg hover-type-zoomin\"><a class=\"fusion-column-anchor\"><span class=\"fusion-column-inner-bg-image\" style=\"background-color:#1a1a1a;background-image: url(&#039;https:\/\/hunterindustrialfan.eu\/wp-content\/uploads\/2021\/05\/fans-for-home.jpeg&#039;);background-position:center center;background-repeat:no-repeat;-webkit-background-size:cover;-moz-background-size:cover;-o-background-size:cover;background-size:cover;\"><\/span><\/a><\/span><\/div><div class=\"fusion-layout-column fusion_builder_column fusion-builder-column-2 fusion_builder_column_1_2 1_2 fusion-one-half fusion-column-last\" style=\"margin-top:0px;margin-bottom:0px;\"><div class=\"fusion-column-wrapper fusion-flex-column-wrapper-legacy\" style=\"background-position:left top;background-repeat:no-repeat;-webkit-background-size:cover;-moz-background-size:cover;-o-background-size:cover;background-size:cover;background-color:#537f53;padding: 17% 17% 17% 17%;\"><div class=\"fusion-column-content-centered\"><div class=\"fusion-column-content\"><style type=\"text\/css\"><\/style><div class=\"fusion-title title fusion-title-2 fusion-title-text fusion-title-size-two\" style=\"margin-top:0px;margin-bottom:30px;\"><h2 class=\"title-heading-left\" style=\"margin:0;color:#ffffff;\">Ventilatoren f\u00fcr Ihr Zuhause<\/h2><div class=\"title-sep-container\"><div class=\"title-sep sep-\" style=\"border-color:#e2e2e2;\"><\/div><\/div><\/div><div class=\"fusion-text fusion-text-1\" style=\"color:#ffffff;transform:translate3d(0,0,0);\"><p><span style=\"font-weight: 400;\">Verbessern Sie das Erscheinungsbild Ihrer Wohnung oder Ihres Unternehmens mit den stilvollen, hochwertigen Deckenventilatoren von Hunter, die in einer beeindruckenden Vielfalt an Designs, Funktionen, Farben und Gr\u00f6\u00dfen erh\u00e4ltlich sind.<\/span><\/p>\n<\/div><\/div><\/div><div class=\"fusion-clearfix\"><\/div><\/div><\/div><\/div><\/div><div class=\"fusion-fullwidth fullwidth-box fusion-builder-row-3 hundred-percent-fullwidth non-hundred-percent-height-scrolling fusion-equal-height-columns\" style=\"background-color: rgba(255,255,255,0);background-position: left top;background-repeat: no-repeat;padding-top:0px;padding-right:0px;padding-bottom:0px;padding-left:0px;margin-bottom: 0px;margin-top: 0px;border-width: 0px 0px 0px 0px;border-color:#eae9e9;border-style:solid;\" ><div class=\"fusion-builder-row fusion-row\"><div class=\"fusion-layout-column fusion_builder_column fusion-builder-column-3 fusion_builder_column_1_2 1_2 fusion-one-half fusion-column-first\" style=\"margin-top:0px;margin-bottom:0px;\"><div class=\"fusion-column-wrapper fusion-flex-column-wrapper-legacy\" style=\"background-position:left top;background-repeat:no-repeat;-webkit-background-size:cover;-moz-background-size:cover;-o-background-size:cover;background-size:cover;background-color:#537f53;padding: 17% 17% 17% 17%;\"><div class=\"fusion-column-content-centered\"><div class=\"fusion-column-content\"><style type=\"text\/css\"><\/style><div class=\"fusion-title title fusion-title-3 fusion-title-text fusion-title-size-two\" style=\"margin-top:0px;margin-bottom:30px;\"><h2 class=\"title-heading-left\" style=\"margin:0;color:#ffffff;\">Inspirierendes Design.<\/h2><div class=\"title-sep-container\"><div class=\"title-sep sep-\" style=\"border-color:#e2e2e2;\"><\/div><\/div><\/div><div class=\"fusion-text fusion-text-2\" style=\"color:#ffffff;transform:translate3d(0,0,0);\"><p><span style=\"font-weight: 400;\">John Hunter hat uns gelehrt, den neuesten Trends in der Inneneinrichtung immer einen Schritt voraus zu sein, um etwas Frisches und Aufregendes zu finden. Inspiration kann hinter jeder Ecke lauern, ein klassischer Look kann jederzeit in einen modernen umgewandelt werden, und Sie k\u00f6nnen immer auf interessante Elemente zur\u00fcckgreifen, die Ihren Deckenventilator zu einem Blickfang machen.<\/span><\/p>\n<\/div><\/div><\/div><div class=\"fusion-clearfix\"><\/div><\/div><\/div><div class=\"fusion-layout-column fusion_builder_column fusion-builder-column-4 fusion_builder_column_1_2 1_2 fusion-one-half fusion-column-last fusion-column-inner-bg-wrapper fusion-animated\" style=\"margin-top:0px;margin-bottom:0px;\" data-animationType=\"fadeInRight\" data-animationDuration=\"0.5\" data-animationOffset=\"100%\"><div class=\"fusion-column-wrapper fusion-flex-column-wrapper-legacy\" style=\"padding: 0px 0px 0px 0px;\" data-bg-url=\"https:\/\/hunterindustrialfan.eu\/wp-content\/uploads\/2021\/05\/inspired-design.jpeg\"><div class=\"fusion-column-content-centered\"><div class=\"fusion-column-content\"><\/div><\/div><div class=\"fusion-clearfix\"><\/div><\/div><span class=\"fusion-column-inner-bg hover-type-zoomin\"><a class=\"fusion-column-anchor\"><span class=\"fusion-column-inner-bg-image\" style=\"background-color:#1a1a1a;background-image: url(&#039;https:\/\/hunterindustrialfan.eu\/wp-content\/uploads\/2021\/05\/inspired-design.jpeg&#039;);background-position:center center;background-repeat:no-repeat;-webkit-background-size:cover;-moz-background-size:cover;-o-background-size:cover;background-size:cover;\"><\/span><\/a><\/span><\/div><\/div><\/div><div class=\"fusion-fullwidth fullwidth-box fusion-builder-row-4 hundred-percent-fullwidth non-hundred-percent-height-scrolling fusion-equal-height-columns\" style=\"background-color: rgba(255,255,255,0);background-position: left top;background-repeat: no-repeat;padding-top:0px;padding-right:0px;padding-bottom:0px;padding-left:0px;margin-bottom: 0px;margin-top: 0px;border-width: 0px 0px 0px 0px;border-color:#eae9e9;border-style:solid;\" ><div class=\"fusion-builder-row fusion-row\"><div class=\"fusion-layout-column fusion_builder_column fusion-builder-column-5 fusion_builder_column_1_2 1_2 fusion-one-half fusion-column-first fusion-column-inner-bg-wrapper fusion-animated\" style=\"margin-top:0px;margin-bottom:0px;\" data-animationType=\"fadeInRight\" data-animationDuration=\"0.5\" data-animationOffset=\"100%\"><div class=\"fusion-column-wrapper fusion-flex-column-wrapper-legacy\" style=\"padding: 0px 0px 0px 0px;\" data-bg-url=\"https:\/\/hunterindustrialfan.eu\/wp-content\/uploads\/2021\/05\/worry-and-wobbly-free.jpeg\"><div class=\"fusion-column-content-centered\"><div class=\"fusion-column-content\"><\/div><\/div><div class=\"fusion-clearfix\"><\/div><\/div><span class=\"fusion-column-inner-bg hover-type-zoomin\"><a class=\"fusion-column-anchor\"><span class=\"fusion-column-inner-bg-image\" style=\"background-color:#1a1a1a;background-image: url(&#039;https:\/\/hunterindustrialfan.eu\/wp-content\/uploads\/2021\/05\/worry-and-wobbly-free.jpeg&#039;);background-position:center center;background-repeat:no-repeat;-webkit-background-size:cover;-moz-background-size:cover;-o-background-size:cover;background-size:cover;\"><\/span><\/a><\/span><\/div><div class=\"fusion-layout-column fusion_builder_column fusion-builder-column-6 fusion_builder_column_1_2 1_2 fusion-one-half fusion-column-last\" style=\"margin-top:0px;margin-bottom:0px;\"><div class=\"fusion-column-wrapper fusion-flex-column-wrapper-legacy\" style=\"background-position:left top;background-repeat:no-repeat;-webkit-background-size:cover;-moz-background-size:cover;-o-background-size:cover;background-size:cover;background-color:#537f53;padding: 17% 17% 17% 17%;\"><div class=\"fusion-column-content-centered\"><div class=\"fusion-column-content\"><style type=\"text\/css\"><\/style><div class=\"fusion-title title fusion-title-4 fusion-title-text fusion-title-size-two\" style=\"margin-top:0px;margin-bottom:30px;\"><h2 class=\"title-heading-left\" style=\"margin:0;color:#ffffff;\">Keine Sorgen und keine unn\u00f6tigen Vibrationen<\/h2><div class=\"title-sep-container\"><div class=\"title-sep sep-\" style=\"border-color:#e2e2e2;\"><\/div><\/div><\/div><div class=\"fusion-text fusion-text-3\" style=\"color:#ffffff;transform:translate3d(0,0,0);\"><p><span style=\"font-weight: 400;\">Die Deckenventilatoren von Hunter sind sowohl zuverl\u00e4ssig als auch sehr leise. Wir testen, testen und testen, bis ins kleinste Detail. Wir f\u00fchren mehr Qualit\u00e4tstests durch als alle unsere Wettbewerber. Wenn Sie an unserem Testverfahren interessiert sind, sehen Sie sich unser Video an. Sie werden sehen, wie wir auf Wetterbedingungen, Vibrationen und viele andere Faktoren testen.<\/span><\/p>\n<\/div><\/div><\/div><div class=\"fusion-clearfix\"><\/div><\/div><\/div><\/div><\/div><div class=\"fusion-fullwidth fullwidth-box fusion-builder-row-5 hundred-percent-fullwidth non-hundred-percent-height-scrolling fusion-equal-height-columns\" style=\"background-color: rgba(255,255,255,0);background-position: left top;background-repeat: no-repeat;padding-top:0px;padding-right:0px;padding-bottom:0px;padding-left:0px;margin-bottom: 0px;margin-top: 0px;border-width: 0px 0px 0px 0px;border-color:#eae9e9;border-style:solid;\" ><div class=\"fusion-builder-row fusion-row\"><div class=\"fusion-layout-column fusion_builder_column fusion-builder-column-7 fusion_builder_column_1_2 1_2 fusion-one-half fusion-column-first\" style=\"margin-top:0px;margin-bottom:0px;\"><div class=\"fusion-column-wrapper fusion-flex-column-wrapper-legacy\" style=\"background-position:left top;background-repeat:no-repeat;-webkit-background-size:cover;-moz-background-size:cover;-o-background-size:cover;background-size:cover;background-color:#537f53;padding: 17% 17% 17% 17%;\"><div class=\"fusion-column-content-centered\"><div class=\"fusion-column-content\"><style type=\"text\/css\"><\/style><div class=\"fusion-title title fusion-title-5 fusion-title-text fusion-title-size-two\" style=\"margin-top:0px;margin-bottom:30px;\"><h2 class=\"title-heading-left\" style=\"margin:0;color:#ffffff;\">WeatherMax-Ventilatoren<\/h2><div class=\"title-sep-container\"><div class=\"title-sep sep-\" style=\"border-color:#e2e2e2;\"><\/div><\/div><\/div><div class=\"fusion-text fusion-text-4\" style=\"color:#ffffff;transform:translate3d(0,0,0);\"><p>WeatherMax\u00ae-Ventilatoren sind so konstruiert, dass sie den Witterungseinfl\u00fcssen standhalten und dabei auch noch gut aussehen. Sie verf\u00fcgen \u00fcber eine Reihe von Technologien und Innovationen, die eine lange Lebensdauer im Au\u00dfenbereich gew\u00e4hrleisten. WeatherMax-Ventilatoren sind:<\/p>\n<ul>\n<li>Feuchtigkeitsresistent<\/li>\n<li>Korrosionsbest\u00e4ndig<\/li>\n<li>Salz- und luftbest\u00e4ndig<\/li>\n<\/ul>\n<p>Jeder WeatherMax-Ventilator ist durch die SureSpeed\u00ae-Garantie von Hunter abgesichert. Die SureSpeed-Ventilatoren sind so optimiert, dass sie mit h\u00f6herer Geschwindigkeit laufen als die der f\u00fchrenden Mitbewerber und so f\u00fcr eine k\u00fchle Brise sorgen.<\/p>\n<\/div><\/div><\/div><div class=\"fusion-clearfix\"><\/div><\/div><\/div><div class=\"fusion-layout-column fusion_builder_column fusion-builder-column-8 fusion_builder_column_1_2 1_2 fusion-one-half fusion-column-last fusion-column-inner-bg-wrapper fusion-animated\" style=\"margin-top:0px;margin-bottom:0px;\" data-animationType=\"fadeInRight\" data-animationDuration=\"0.5\" data-animationOffset=\"100%\"><div class=\"fusion-column-wrapper fusion-flex-column-wrapper-legacy\" style=\"padding: 0px 0px 0px 0px;\" data-bg-url=\"https:\/\/hunterindustrialfan.eu\/wp-content\/uploads\/2021\/05\/WeatherMax-fans.jpeg\"><div class=\"fusion-column-content-centered\"><div class=\"fusion-column-content\"><\/div><\/div><div class=\"fusion-clearfix\"><\/div><\/div><span class=\"fusion-column-inner-bg hover-type-zoomin\"><a class=\"fusion-column-anchor\"><span class=\"fusion-column-inner-bg-image\" style=\"background-color:#1a1a1a;background-image: url(&#039;https:\/\/hunterindustrialfan.eu\/wp-content\/uploads\/2021\/05\/WeatherMax-fans.jpeg&#039;);background-position:center center;background-repeat:no-repeat;-webkit-background-size:cover;-moz-background-size:cover;-o-background-size:cover;background-size:cover;\"><\/span><\/a><\/span><\/div><\/div><\/div><div class=\"fusion-fullwidth fullwidth-box fusion-builder-row-6 nonhundred-percent-fullwidth non-hundred-percent-height-scrolling fusion-equal-height-columns\" style=\"background-color: #537f53;background-position: center center;background-repeat: no-repeat;padding-top:57px;padding-right:0px;padding-bottom:57px;padding-left:0px;margin-bottom: 0px;margin-top: 0px;border-width: 0px 0px 0px 0px;border-color:#eae9e9;border-style:solid;\" ><div class=\"fusion-builder-row fusion-row\"><div class=\"fusion-layout-column fusion_builder_column fusion-builder-column-9 fusion_builder_column_1_1 1_1 fusion-one-full fusion-column-first fusion-column-last fusion-column-inner-bg-wrapper\" style=\"margin-top:0px;margin-bottom:0px;\"><div class=\"fusion-column-wrapper fusion-flex-column-wrapper-legacy\" style=\"border-width: 5px 5px 5px 5px;border-color:#537f53;border-style:solid;padding: 30px 0px 30px 0px;\"><style type=\"text\/css\"><\/style><div class=\"fusion-title title fusion-title-6 fusion-title-center fusion-title-text fusion-title-size-three\" style=\"margin-top:0px;margin-bottom:0px;\"><div class=\"title-sep-container title-sep-container-left\"><div class=\"title-sep sep-\" style=\"border-color:#e2e2e2;\"><\/div><\/div><h3 class=\"title-heading-center\" style=\"margin:0;color:#ffffff;\"><span style=\"font-weight: 400;\">Einen H\u00e4ndler finden<\/span><\/h3><div class=\"title-sep-container title-sep-container-right\"><div class=\"title-sep sep-\" style=\"border-color:#e2e2e2;\"><\/div><\/div><\/div><div class=\"fusion-clearfix\"><\/div><\/div><span class=\"fusion-column-inner-bg hover-type-none\"><a href=\"https:\/\/hunterindustrialfan.eu\/de\/unterstuetzung-fuer-die-industrie\/\"><span class=\"fusion-column-inner-bg-image\" style=\"background-color:#2f2f2f;background-position:left top;background-repeat:no-repeat;-webkit-background-size:cover;-moz-background-size:cover;-o-background-size:cover;background-size:cover;\"><\/span><\/a><\/span><\/div><\/div><\/div><\/p>\n","protected":false},"excerpt":{"rendered":"","protected":false},"author":1,"featured_media":0,"parent":5620,"menu_order":0,"comment_status":"closed","ping_status":"closed","template":"100-width.php","meta":[],"yoast_head":"<!-- This site is optimized with the Yoast SEO plugin v16.0.2 - https:\/\/yoast.com\/wordpress\/plugins\/seo\/ -->\n<title>Hochwertige Premium-Deckenventilatoren f\u00fcr Wohngeb\u00e4ude | Hunter Fan<\/title>\n<meta name=\"description\" content=\"Verbessern Sie das Erscheinungsbild Ihrer Wohnung oder Ihres Unternehmens mit den stilvollen, hochwertigen Deckenventilatoren von Hunter, die in einer beeindruckenden Vielfalt an Designs, Funktionen, Farben und Gr\u00f6\u00dfen erh\u00e4ltlich sind.\" \/>\n<link rel=\"canonical\" href=\"https:\/\/hunterindustrialfan.eu\/de\/industrieprodukte\/deckenventilatoren-fuer-haushalte\/\" \/>\n<meta property=\"og:locale\" content=\"de_DE\" \/>\n<meta property=\"og:type\" content=\"article\" \/>\n<meta property=\"og:title\" content=\"Hochwertige Premium-Deckenventilatoren f\u00fcr Wohngeb\u00e4ude | Hunter Fan\" \/>\n<meta property=\"og:description\" content=\"Verbessern Sie das Erscheinungsbild Ihrer Wohnung oder Ihres Unternehmens mit den stilvollen, hochwertigen Deckenventilatoren von Hunter, die in einer beeindruckenden Vielfalt an Designs, Funktionen, Farben und Gr\u00f6\u00dfen erh\u00e4ltlich sind.\" \/>\n<meta property=\"og:url\" content=\"https:\/\/hunterindustrialfan.eu\/de\/industrieprodukte\/deckenventilatoren-fuer-haushalte\/\" \/>\n<meta property=\"og:site_name\" content=\"Hunter Fan\" \/>\n<meta property=\"article:modified_time\" content=\"2022-03-24T23:39:41+00:00\" \/>\n<meta name=\"twitter:card\" content=\"summary_large_image\" \/>\n<meta name=\"twitter:label1\" content=\"Gesch\u00e4tzte Lesezeit\">\n\t<meta name=\"twitter:data1\" content=\"29\u00a0Minuten\">\n<script type=\"application\/ld+json\" class=\"yoast-schema-graph\">{\"@context\":\"https:\/\/schema.org\",\"@graph\":[{\"@type\":\"WebSite\",\"@id\":\"https:\/\/hunterindustrialfan.eu\/#website\",\"url\":\"https:\/\/hunterindustrialfan.eu\/\",\"name\":\"Hunter Fan\",\"description\":\"HVLS Industrial Ceiling Fans\",\"potentialAction\":[{\"@type\":\"SearchAction\",\"target\":\"https:\/\/hunterindustrialfan.eu\/?s={search_term_string}\",\"query-input\":\"required name=search_term_string\"}],\"inLanguage\":\"de\"},{\"@type\":\"WebPage\",\"@id\":\"https:\/\/hunterindustrialfan.eu\/de\/industrieprodukte\/deckenventilatoren-fuer-haushalte\/#webpage\",\"url\":\"https:\/\/hunterindustrialfan.eu\/de\/industrieprodukte\/deckenventilatoren-fuer-haushalte\/\",\"name\":\"Hochwertige Premium-Deckenventilatoren f\\u00fcr Wohngeb\\u00e4ude | Hunter Fan\",\"isPartOf\":{\"@id\":\"https:\/\/hunterindustrialfan.eu\/#website\"},\"datePublished\":\"2022-03-18T21:02:59+00:00\",\"dateModified\":\"2022-03-24T23:39:41+00:00\",\"description\":\"Verbessern Sie das Erscheinungsbild Ihrer Wohnung oder Ihres Unternehmens mit den stilvollen, hochwertigen Deckenventilatoren von Hunter, die in einer beeindruckenden Vielfalt an Designs, Funktionen, Farben und Gr\\u00f6\\u00dfen erh\\u00e4ltlich sind.\",\"breadcrumb\":{\"@id\":\"https:\/\/hunterindustrialfan.eu\/de\/industrieprodukte\/deckenventilatoren-fuer-haushalte\/#breadcrumb\"},\"inLanguage\":\"de\",\"potentialAction\":[{\"@type\":\"ReadAction\",\"target\":[\"https:\/\/hunterindustrialfan.eu\/de\/industrieprodukte\/deckenventilatoren-fuer-haushalte\/\"]}]},{\"@type\":\"BreadcrumbList\",\"@id\":\"https:\/\/hunterindustrialfan.eu\/de\/industrieprodukte\/deckenventilatoren-fuer-haushalte\/#breadcrumb\",\"itemListElement\":[{\"@type\":\"ListItem\",\"position\":1,\"item\":{\"@type\":\"WebPage\",\"@id\":\"https:\/\/hunterindustrialfan.eu\/de\/\",\"url\":\"https:\/\/hunterindustrialfan.eu\/de\/\",\"name\":\"Home\"}},{\"@type\":\"ListItem\",\"position\":2,\"item\":{\"@type\":\"WebPage\",\"@id\":\"https:\/\/hunterindustrialfan.eu\/de\/industrieprodukte\/\",\"url\":\"https:\/\/hunterindustrialfan.eu\/de\/industrieprodukte\/\",\"name\":\"Leistungsstarke industrielle Deckenventilatoren\"}},{\"@type\":\"ListItem\",\"position\":3,\"item\":{\"@type\":\"WebPage\",\"@id\":\"https:\/\/hunterindustrialfan.eu\/de\/industrieprodukte\/deckenventilatoren-fuer-haushalte\/\",\"url\":\"https:\/\/hunterindustrialfan.eu\/de\/industrieprodukte\/deckenventilatoren-fuer-haushalte\/\",\"name\":\"Hochwertige Premium-Deckenventilatoren f\\u00fcr Wohngeb\\u00e4ude\"}}]}]}<\/script>\n<!-- \/ Yoast SEO plugin. -->","_links":{"self":[{"href":"https:\/\/hunterindustrialfan.eu\/de\/wp-json\/wp\/v2\/pages\/5938"}],"collection":[{"href":"https:\/\/hunterindustrialfan.eu\/de\/wp-json\/wp\/v2\/pages"}],"about":[{"href":"https:\/\/hunterindustrialfan.eu\/de\/wp-json\/wp\/v2\/types\/page"}],"author":[{"embeddable":true,"href":"https:\/\/hunterindustrialfan.eu\/de\/wp-json\/wp\/v2\/users\/1"}],"replies":[{"embeddable":true,"href":"https:\/\/hunterindustrialfan.eu\/de\/wp-json\/wp\/v2\/comments?post=5938"}],"version-history":[{"count":5,"href":"https:\/\/hunterindustrialfan.eu\/de\/wp-json\/wp\/v2\/pages\/5938\/revisions"}],"predecessor-version":[{"id":6675,"href":"https:\/\/hunterindustrialfan.eu\/de\/wp-json\/wp\/v2\/pages\/5938\/revisions\/6675"}],"up":[{"embeddable":true,"href":"https:\/\/hunterindustrialfan.eu\/de\/wp-json\/wp\/v2\/pages\/5620"}],"wp:attachment":[{"href":"https:\/\/hunterindustrialfan.eu\/de\/wp-json\/wp\/v2\/media?parent=5938"}],"curies":[{"name":"wp","href":"https:\/\/api.w.org\/{rel}","templated":true}]}}